{"id":2652,"date":"2017-06-19T12:27:56","date_gmt":"2017-06-19T10:27:56","guid":{"rendered":"https:\/\/www.elers-medical.com\/index.php\/uber-uns\/"},"modified":"2019-10-07T12:58:37","modified_gmt":"2019-10-07T10:58:37","slug":"uber-uns","status":"publish","type":"page","link":"https:\/\/www.elers-medical.com\/de\/index.php\/uber-uns\/","title":{"rendered":"\u00dcber uns"},"content":{"rendered":"<p>[vc_row full_width=&#8220;0&#8243; full_height=&#8220;0&#8243; particles=&#8220;0&#8243;][vc_column width=&#8220;1\/2&#8243; heading_align=&#8220;text-center&#8220; margin=&#8220;margin_bottom_grid&#8220; offset=&#8220;vc_col-md-6&#8243;][vc_column_text][\/vc_column_text][vc_text_separator title=&#8220;Wof\u00fcr stehen wir&#8220; title_align=&#8220;separator_align_left&#8220;][vc_column_text]<strong><span style=\"font-family: Raleway;\"><span class=\"_3oh- _58nk\">Elers Medical wurde etabliert um die Gesundheit und das Wohlbefinden von Millionen von Menschen weltweit zu ver\u00e4ndern. Wir arbeiten kontinuierlich daran Wege zu finden um die Krankenhausinfektionen zu reduzieren, welche in der EU und in den USA j\u00e4hrlich f\u00fcr 136,00 Todesf\u00e4lle und <span class=\"truncate-multiline--last-line-wrapper\">$27,7 Billionen direkte Krankenhauskosten verantwortlich sind. Heute gestalten und produzieren wir ein komplettes Sortiment an \u00fcber 30 verschiedenen, einzigartigen, professionellen Produkten der Infektionskontrolle, mit der neusten Produktgruppe der Antimikrobiellen Einweg-Vorh\u00e4nge. <\/span><\/span><\/span><\/strong><\/p>\n<p><strong><span style=\"font-family: Raleway;\"><span class=\"_3oh- _58nk\"><span class=\"truncate-multiline--last-line-wrapper\">Unsere Vision ist zum globalen F\u00fchrer in der Kontrolle von Krankenhausinfektionen zu werden \u2013 mit Produkten die keine Antibiotika oder gef\u00e4hrliche Chemikalien enthalten. <\/span><\/span><\/span><\/strong><\/p>\n<p><strong><span style=\"font-family: Raleway;\"><span class=\"_3oh- _58nk\">Wir glauben leidenschaftlich daran, dass alle Menschen auf der Welt Zugang zu einem sicheren Gesundheitswesen verdienen, inklusive Produkten die nachweislich die Infektionspr\u00e4vention verbessern. F\u00fcr weitere Informationen, besuchen Sie bitte die Unternehmensseite.<\/span><\/span><\/strong>[\/vc_column_text][\/vc_column][vc_column width=&#8220;1\/2&#8243;]<!-- ========================== TEASER BOX ==========================-->\r\n<div class=\"teaser_box wpb_content_element text-center      with_button    \">\r\n\r\n  <div class=\"figure \">\r\n\r\n\r\n\r\n        \r\n        \r\n        \r\n         <img decoding=\"async\" src=\"https:\/\/www.elers-medical.com\/wp-content\/uploads\/2015\/09\/cover_photo_fow_website_small-file-size.jpg\" alt=\"\">   \r\n\r\n        \r\n\r\n\r\n  <\/div>\r\n\r\n\r\n\r\n\r\n<\/div>\r\n\r\n<!-- END======================= TEASER BOX ==========================-->[\/vc_column][\/vc_row][vc_row color_set=&#8220;white_section&#8220; full_width=&#8220;0&#8243; full_height=&#8220;0&#8243; sep_bottom=&#8220;separator_bottom sep_angled_positive_bottom&#8220; particles=&#8220;0&#8243; el_id=&#8220;facilities&#8220; css=&#8220;.vc_custom_1486399809953{margin-top: -35px !important;}&#8220;][vc_column][vc_column_text css=&#8220;.vc_custom_1487424148839{margin-top: -100px !important;}&#8220;]<\/p>\n<h3 style=\"text-align: center;\">Bitte besuchen Sie unsere Unternehmenswebseite<\/h3>\n<p>[\/vc_column_text]<div class=\"plethora_button wpb_content_element   text-center \">\r\n    <a href=\"http:\/\/www.elers-medical.eu\" debug class=\" btn btn-secondary  \" title=\"\"  target=\"_self\">\r\n\r\n        \r\n        BETRACHTEN WIR\r\n        \r\n\r\n    <\/a>\r\n<\/div>[\/vc_column][\/vc_row][vc_row color_set=&#8220;secondary_section&#8220; full_width=&#8220;0&#8243; full_height=&#8220;1&#8243; cols_valign=&#8220;vcenter&#8220; transparent_overlay=&#8220;transparent_film&#8220; background=&#8220;bgimage&#8220; bgimage=&#8220;2095&#8243; parallax=&#8220;0&#8243;][vc_column css=&#8220;.vc_custom_1486463804542{margin-top: 250px !important;}&#8220;]<div class=\"section_header subtitle_bottom   xbold text-center\">\r\n\r\n    <h2 style=\"text-align: center;\">WIR FOKUSSIEREN UNS AUF QUALITATIV HOCHWERTIGE PRODUKTE UND MEDIZINISCHE GER\u00c4TE DER INFEKTIONSKONTROLLE<\/h2>\n\r\n\r\n        <p >Wir versprechen die Bereitstellung von einzigartigen, qualitativ hochwertigen Einweg-Vorh\u00e4ngen<\/p>\r\n<\/div>[\/vc_column][vc_column offset=&#8220;vc_col-md-2&#8243;][\/vc_column][vc_column align=&#8220;text-center&#8220; offset=&#8220;vc_col-md-8&#8243;][\/vc_column][vc_column offset=&#8220;vc_col-md-2&#8243;][\/vc_column][\/vc_row]<\/p>\n","protected":false},"excerpt":{"rendered":"<p>[vc_row full_width=&#8220;0&#8243; full_height=&#8220;0&#8243; particles=&#8220;0&#8243;][vc_column width=&#8220;1\/2&#8243; heading_align=&#8220;text-center&#8220; margin=&#8220;margin_bottom_grid&#8220; offset=&#8220;vc_col-md-6&#8243;][vc_column_text][\/vc_column_text][vc_text_separator title=&#8220;Wof\u00fcr stehen wir&#8220; title_align=&#8220;separator_align_left&#8220;][vc_column_text]Elers Medical wurde etabliert um die Gesundheit und das Wohlbefinden von Millionen von Menschen weltweit zu ver\u00e4ndern. Wir arbeiten kontinuierlich daran Wege zu finden um die Krankenhausinfektionen zu reduzieren, welche in der EU und in den USA j\u00e4hrlich f\u00fcr 136,00 Todesf\u00e4lle und $27,7 Billionen [&hellip;]<\/p>\n","protected":false},"author":1,"featured_media":2524,"parent":0,"menu_order":0,"comment_status":"closed","ping_status":"closed","template":"","meta":{"_monsterinsights_skip_tracking":false,"_monsterinsights_sitenote_active":false,"_monsterinsights_sitenote_note":"","_monsterinsights_sitenote_category":0,"footnotes":""},"yst_prominent_words":[233,231,336,232,230,203,338,234,337,335,334,339,233],"class_list":["post-2652","page","type-page","status-publish","has-post-thumbnail","hentry"],"_links":{"self":[{"href":"https:\/\/www.elers-medical.com\/de\/index.php\/wp-json\/wp\/v2\/pages\/2652","targetHints":{"allow":["GET"]}}],"collection":[{"href":"https:\/\/www.elers-medical.com\/de\/index.php\/wp-json\/wp\/v2\/pages"}],"about":[{"href":"https:\/\/www.elers-medical.com\/de\/index.php\/wp-json\/wp\/v2\/types\/page"}],"author":[{"embeddable":true,"href":"https:\/\/www.elers-medical.com\/de\/index.php\/wp-json\/wp\/v2\/users\/1"}],"replies":[{"embeddable":true,"href":"https:\/\/www.elers-medical.com\/de\/index.php\/wp-json\/wp\/v2\/comments?post=2652"}],"version-history":[{"count":5,"href":"https:\/\/www.elers-medical.com\/de\/index.php\/wp-json\/wp\/v2\/pages\/2652\/revisions"}],"predecessor-version":[{"id":3976,"href":"https:\/\/www.elers-medical.com\/de\/index.php\/wp-json\/wp\/v2\/pages\/2652\/revisions\/3976"}],"wp:featuredmedia":[{"embeddable":true,"href":"https:\/\/www.elers-medical.com\/de\/index.php\/wp-json\/wp\/v2\/media\/2524"}],"wp:attachment":[{"href":"https:\/\/www.elers-medical.com\/de\/index.php\/wp-json\/wp\/v2\/media?parent=2652"}],"wp:term":[{"taxonomy":"yst_prominent_words","embeddable":true,"href":"https:\/\/www.elers-medical.com\/de\/index.php\/wp-json\/wp\/v2\/yst_prominent_words?post=2652"}],"curies":[{"name":"wp","href":"https:\/\/api.w.org\/{rel}","templated":true}]}}