{"id":2656,"date":"2017-06-19T12:35:57","date_gmt":"2017-06-19T10:35:57","guid":{"rendered":"https:\/\/www.elers-medical.com\/index.php\/medizinische-vorhange\/"},"modified":"2020-01-23T08:54:01","modified_gmt":"2020-01-23T06:54:01","slug":"medizinische-vorhange","status":"publish","type":"page","link":"https:\/\/www.elers-medical.com\/de\/","title":{"rendered":"Medizinische Vorh\u00e4nge"},"content":{"rendered":"<p>[vc_row full_width=&#8220;0&#8243; full_height=&#8220;0&#8243; row_padding=&#8220;no_padding&#8220; cols_padding=&#8220;no_cols_padding&#8220; elevate=&#8220;elevate&#8220; background=&#8220;transparent&#8220; el_class=&#8220;folded_section&#8220;][vc_column width=&#8220;1\/4&#8243; color_set=&#8220;skincolored_section&#8220; background=&#8220;transparent&#8220; offset=&#8220;vc_col-xs-6&#8243; css=&#8220;.vc_custom_1446619389066{background-color: #088eff !important;}&#8220;]<!-- ========================== TEASER BOX ==========================-->\r\n<div class=\"teaser_box wpb_content_element text-center  transparent boxed same_height_col  with_button    \">\r\n\r\n  <div class=\"figure transparent\">\r\n\r\n\r\n      <a href=\"https:\/\/www.elers-medical.com\/de\/index.php\/vorteile\/\" debug title=\"\" target=\"_blank\"> \r\n\r\n        \r\n        \r\n        \r\n         <img decoding=\"async\" src=\"https:\/\/www.elers-medical.com\/wp-content\/uploads\/2015\/09\/strive-test.png\" alt=\"VORTEILE\">   \r\n\r\n        \r\n\r\n    <\/a>\r\n\r\n  <\/div>\r\n\r\n\r\n\r\n  <div class=\"content text-center   with_button \">\r\n    \r\n    <div class=\"hgroup\">\r\n       <h4 class=\"neutralize_links\">\r\n       VORTEILE\r\n       <\/h4>\r\n      \r\n    <\/div>\r\n\r\n    \r\n\r\n    <div class=\"link centered\">\r\n        <a href=\"https:\/\/www.elers-medical.com\/de\/index.php\/vorteile\/\"  target=\"_blank\" class=\"btn btn-xs btn-secondary\"><strong>MEHR<\/strong><\/a>\r\n    <\/div>\r\n\r\n  <\/div>\r\n\r\n<\/div>\r\n\r\n<!-- END======================= TEASER BOX ==========================-->[\/vc_column][vc_column width=&#8220;1\/4&#8243; color_set=&#8220;skincolored_section&#8220; background=&#8220;transparent&#8220; offset=&#8220;vc_col-xs-6&#8243; css=&#8220;.vc_custom_1447875610924{background-color: #269cff !important;}&#8220;]<!-- ========================== TEASER BOX ==========================-->\r\n<div class=\"teaser_box wpb_content_element text-center  transparent boxed same_height_col  with_button    \">\r\n\r\n  <div class=\"figure transparent\">\r\n\r\n\r\n      <a href=\"https:\/\/www.elers-medical.com\/de\/index.php\/forschung\/\" debug title=\"\" target=\"\"> \r\n\r\n        \r\n        \r\n        \r\n         <img decoding=\"async\" src=\"https:\/\/www.elers-medical.com\/wp-content\/uploads\/2015\/09\/icon_med_book_white.png\" alt=\"FORSCHUNG\">   \r\n\r\n        \r\n\r\n    <\/a>\r\n\r\n  <\/div>\r\n\r\n\r\n\r\n  <div class=\"content text-center   with_button \">\r\n    \r\n    <div class=\"hgroup\">\r\n       <h4 class=\"neutralize_links\">\r\n       FORSCHUNG\r\n       <\/h4>\r\n      \r\n    <\/div>\r\n\r\n    \r\n\r\n    <div class=\"link centered\">\r\n        <a href=\"https:\/\/www.elers-medical.com\/de\/index.php\/forschung\/\"  target=\"\" class=\"btn btn-xs btn-secondary\"><strong>MEHR<\/strong><\/a>\r\n    <\/div>\r\n\r\n  <\/div>\r\n\r\n<\/div>\r\n\r\n<!-- END======================= TEASER BOX ==========================-->[\/vc_column][vc_column width=&#8220;1\/4&#8243; color_set=&#8220;skincolored_section&#8220; offset=&#8220;vc_col-xs-6&#8243; css=&#8220;.vc_custom_1447875785935{background-color: #45aaff !important;}&#8220;]<!-- ========================== TEASER BOX ==========================-->\r\n<div class=\"teaser_box wpb_content_element text-center  transparent boxed same_height_col  with_button    \">\r\n\r\n  <div class=\"figure transparent\">\r\n\r\n\r\n      <a href=\"https:\/\/www.elers-medical.com\/de\/index.php\/vorhang-sortiment\/\" debug title=\"\" target=\"\"> \r\n\r\n        \r\n        \r\n        \r\n         <img decoding=\"async\" src=\"https:\/\/www.elers-medical.com\/wp-content\/uploads\/2015\/09\/icon_doctor1.png\" alt=\"VORHANG SORTIMENT\">   \r\n\r\n        \r\n\r\n    <\/a>\r\n\r\n  <\/div>\r\n\r\n\r\n\r\n  <div class=\"content text-center   with_button \">\r\n    \r\n    <div class=\"hgroup\">\r\n       <h4 class=\"neutralize_links\">\r\n       VORHANG SORTIMENT\r\n       <\/h4>\r\n      \r\n    <\/div>\r\n\r\n    \r\n\r\n    <div class=\"link centered\">\r\n        <a href=\"https:\/\/www.elers-medical.com\/de\/index.php\/vorhang-sortiment\/\"  target=\"\" class=\"btn btn-xs btn-secondary\"><strong>MEHR<\/strong><\/a>\r\n    <\/div>\r\n\r\n  <\/div>\r\n\r\n<\/div>\r\n\r\n<!-- END======================= TEASER BOX ==========================-->[\/vc_column][vc_column width=&#8220;1\/4&#8243; color_set=&#8220;skincolored_section&#8220; background=&#8220;transparent&#8220; offset=&#8220;vc_col-xs-6&#8243; css=&#8220;.vc_custom_1486280886868{background-color: #64b8ff !important;}&#8220;]<!-- ========================== TEASER BOX ==========================-->\r\n<div class=\"teaser_box wpb_content_element text-center  transparent boxed same_height_col  with_button    \">\r\n\r\n  <div class=\"figure transparent\">\r\n\r\n\r\n      <a href=\"https:\/\/www.elers-medical.com\/de\/index.php\/vorhang-sortiment\/\" debug title=\"\" target=\"_blank\"> \r\n\r\n        \r\n        \r\n        \r\n         <img decoding=\"async\" src=\"https:\/\/www.elers-medical.com\/wp-content\/uploads\/2015\/09\/icon_help_desk1.png\" alt=\"ANLEITUNG\">   \r\n\r\n        \r\n\r\n    <\/a>\r\n\r\n  <\/div>\r\n\r\n\r\n\r\n  <div class=\"content text-center   with_button \">\r\n    \r\n    <div class=\"hgroup\">\r\n       <h4 class=\"neutralize_links\">\r\n       ANLEITUNG\r\n       <\/h4>\r\n      \r\n    <\/div>\r\n\r\n    \r\n\r\n    <div class=\"link centered\">\r\n        <a href=\"https:\/\/www.elers-medical.com\/de\/index.php\/vorhang-sortiment\/\"  target=\"_blank\" class=\"btn btn-xs btn-secondary\"><strong>MEHR<\/strong><\/a>\r\n    <\/div>\r\n\r\n  <\/div>\r\n\r\n<\/div>\r\n\r\n<!-- END======================= TEASER BOX ==========================-->[\/vc_column][\/vc_row][vc_row full_width=&#8220;0&#8243; full_height=&#8220;0&#8243; row_padding=&#8220;no_top_padding&#8220; sep_bottom=&#8220;separator_bottom sep_angled_positive_bottom&#8220; particles=&#8220;0&#8243;][vc_column]<div class=\"section_header subtitle_bottom   fancy text-left\">\r\n\r\n    <h1>VORTEILE DURCH DIE NUTZUNG VON ANTIMIKROBIELLEN EINWEG-VORH\u00c4NGEN<\/h1>\n\r\n\r\n        <p >Antimikrobielle Vorh\u00e4nge helfen die krankheitserregende \u00dcbertragung der Vorhangoberfl\u00e4che auf den Patienten oder die Angestellten zu reduzieren<\/p>\r\n<\/div>[\/vc_column][vc_column width=&#8220;2\/3&#8243; heading_align=&#8220;text-center&#8220; align=&#8220;text-left&#8220; margin=&#8220;margin_bottom_grid&#8220;][vc_column_text css_animation=&#8220;fadeIn&#8220;]<\/p>\n<ul>\n<li>Sicher<\/li>\n<li>Kosteng\u00fcnstig<\/li>\n<li>Unabh\u00e4ngig getestet<\/li>\n<li>Von Natur aus Antimikrobiell<\/li>\n<li>100% recyclingfa\u0308hig<\/li>\n<li>Internationale Flammenschutzmittel Freigaben<\/li>\n<li>Erfordert keine W\u00e4sche<\/li>\n<\/ul>\n<p>[\/vc_column_text][vc_text_separator title=&#8220;Mehr&#8220; title_align=&#8220;separator_align_left&#8220; align=&#8220;align_right&#8220; color=&#8220;black&#8220;][vc_column_text][\/vc_column_text]<div class=\"plethora_button wpb_content_element   text-left \">\r\n    <a href=\"https:\/\/www.elers-medical.com\/de\/index.php\/vorteile\/\" debug class=\" btn btn-primary with-icon icon-left\" title=\"\"  target=\"_self\">\r\n\r\n         <i class=\"fa fa-hospital-o\"><\/i> \r\n        Vorteile durch die nutzung von antimikrobiellen krankenhausvorh\u00e4ngen\r\n        \r\n\r\n    <\/a>\r\n<\/div>[\/vc_column][vc_column width=&#8220;1\/3&#8243; align=&#8220;text-left&#8220;][vc_single_image image=&#8220;2240&#8243; img_size=&#8220;full&#8220;][\/vc_column][\/vc_row][vc_row color_set=&#8220;secondary_section&#8220; full_width=&#8220;0&#8243; full_height=&#8220;0&#8243; particles=&#8220;0&#8243;][vc_column]<div class=\"section_header subtitle_bottom   fancy text-left\">\r\n\r\n    <h2>Vorhang Sortiment<\/h2>\n\r\n\r\n        <p >Unterschiedliche Arten von Einweg-Vorh\u00e4ngen f\u00fcr unterschiedliche Bed\u00fcrfnisse<\/p>\r\n<\/div>[\/vc_column][vc_column heading_align=&#8220;text-center&#8220; align=&#8220;text-left&#8220; margin=&#8220;margin_bottom_grid&#8220; offset=&#8220;vc_col-md-8&#8243;][vc_media_grid gap=&#8220;10&#8243; grid_id=&#8220;vc_gid:1579762366592-d62ef2f8-ca38-4&#8243; include=&#8220;2115,2216,3510&#8243;][\/vc_column][vc_column align=&#8220;text-left&#8220; offset=&#8220;vc_col-md-4&#8243;][vc_text_separator title=&#8220;Mehr&#8220; title_align=&#8220;separator_align_left&#8220; align=&#8220;align_right&#8220; color=&#8220;black&#8220;][vc_column_text][\/vc_column_text]<div class=\"plethora_button wpb_content_element   text-center \">\r\n    <a href=\"https:\/\/www.elers-medical.com\/de\/index.php\/vorhang-sortiment\/\" debug class=\" btn btn-info  \" title=\"\"  target=\"_blank\">\r\n\r\n        \r\n        HIER KLICKEN\r\n        \r\n\r\n    <\/a>\r\n<\/div>[\/vc_column][\/vc_row][vc_row css_animation=&#8220;appear&#8220; color_set=&#8220;dark_section&#8220; full_width=&#8220;0&#8243; full_height=&#8220;0&#8243; sep_bottom=&#8220;separator_bottom sep_angled_negative_bottom&#8220; particles=&#8220;1&#8243; animation=&#8220;wow fadeIn&#8220;][vc_column]<div class=\"section_header subtitle_bottom   fancy text-left\">\r\n\r\n    <h2 style=\"text-align: center;\">WISSENSCHAFT<\/h2>\n\r\n\r\n        <p ><\/p>\r\n<\/div><div class=\"section_header subtitle_bottom   vc_custom_1502702501280 fancy text-center\">\r\n\r\n    <h2 style=\"text-align: center;\">HINTER DEN EINWEG-VORH\u00c4NGEN<\/h2>\n\r\n\r\n        <p ><strong>\u201cIn a culture survey (n=50), we found that 42% of hospital privacy curtains were contaminated with antibiotic\u2010resistant enterococci, 22% with methicillin\u2010resistant Staphylococcus aureus, and 4% with Clostridium difficile. Hand imprint cultures demonstrated that these pathogens were easily acquired on hands. Hospital curtains are a potential source for dissemination of healthcare-associated pathogens.\u201d <\/strong>Trillis III, E. C. Eckstein, R. Budavich, M. J. Pultz, and C. J. Donskey, \u201cContamination of hospital curtains with healthcare-associated pathogens,\u201d Infection Control and Hospital Epidemiology, vol. 29, no. 11, pp. 1074\u20131076, 2008.<\/p>\r\n<\/div><div class=\"plethora_button wpb_content_element   text-center \">\r\n    <a href=\"https:\/\/www.elers-medical.com\/de\/index.php\/forschung\/\" debug class=\" btn btn-primary with-icon icon-left\" title=\"\"  target=\"_blank\">\r\n\r\n         <i class=\"wmi icon-i-health-services\"><\/i> \r\n        MEHR LESEN\r\n        \r\n\r\n    <\/a>\r\n<\/div>[\/vc_column][\/vc_row][vc_row color_set=&#8220;secondary_section&#8220; align=&#8220;text-center&#8220; full_width=&#8220;0&#8243; full_height=&#8220;0&#8243; cols_valign=&#8220;vcenter&#8220; transparent_overlay=&#8220;transparent_film&#8220; background=&#8220;bgimage&#8220; bgimage=&#8220;2087&#8243; parallax=&#8220;0&#8243;][vc_column align=&#8220;text-center&#8220;]<div class=\"section_header subtitle_bottom   fancy text-center\">\r\n\r\n    <h2>W\u00dcNSCHEN SIE EIN ANGEBOT?<\/h2>\n\r\n\r\n        <p >Klicken Sie auf den untenstehenden Link<\/p>\r\n<\/div><div class=\"plethora_button wpb_content_element   text-center \">\r\n    <a href=\"https:\/\/www.elers-medical.com\/de\/index.php\/kontakt\/\" debug class=\" btn btn-primary with-icon icon-left\" title=\"\"  target=\"_self\">\r\n\r\n         <i class=\"fa fa-check\"><\/i> \r\n        ANGEBOT ANFORDERN\r\n        \r\n\r\n    <\/a>\r\n<\/div>[\/vc_column][\/vc_row]<\/p>\n","protected":false},"excerpt":{"rendered":"<p>[vc_row full_width=&#8220;0&#8243; full_height=&#8220;0&#8243; row_padding=&#8220;no_padding&#8220; cols_padding=&#8220;no_cols_padding&#8220; elevate=&#8220;elevate&#8220; background=&#8220;transparent&#8220; el_class=&#8220;folded_section&#8220;][vc_column width=&#8220;1\/4&#8243; color_set=&#8220;skincolored_section&#8220; background=&#8220;transparent&#8220; offset=&#8220;vc_col-xs-6&#8243; css=&#8220;.vc_custom_1446619389066{background-color: #088eff !important;}&#8220;][\/vc_column][vc_column width=&#8220;1\/4&#8243; color_set=&#8220;skincolored_section&#8220; background=&#8220;transparent&#8220; offset=&#8220;vc_col-xs-6&#8243; css=&#8220;.vc_custom_1447875610924{background-color: #269cff !important;}&#8220;][\/vc_column][vc_column width=&#8220;1\/4&#8243; color_set=&#8220;skincolored_section&#8220; offset=&#8220;vc_col-xs-6&#8243; css=&#8220;.vc_custom_1447875785935{background-color: #45aaff !important;}&#8220;][\/vc_column][vc_column width=&#8220;1\/4&#8243; color_set=&#8220;skincolored_section&#8220; background=&#8220;transparent&#8220; offset=&#8220;vc_col-xs-6&#8243; css=&#8220;.vc_custom_1486280886868{background-color: #64b8ff !important;}&#8220;][\/vc_column][\/vc_row][vc_row full_width=&#8220;0&#8243; full_height=&#8220;0&#8243; row_padding=&#8220;no_top_padding&#8220; sep_bottom=&#8220;separator_bottom sep_angled_positive_bottom&#8220; particles=&#8220;0&#8243;][vc_column][\/vc_column][vc_column width=&#8220;2\/3&#8243; heading_align=&#8220;text-center&#8220; align=&#8220;text-left&#8220; margin=&#8220;margin_bottom_grid&#8220;][vc_column_text css_animation=&#8220;fadeIn&#8220;] Sicher Kosteng\u00fcnstig Unabh\u00e4ngig getestet Von Natur aus Antimikrobiell 100% [&hellip;]<\/p>\n","protected":false},"author":1,"featured_media":0,"parent":0,"menu_order":0,"comment_status":"closed","ping_status":"closed","template":"","meta":{"_monsterinsights_skip_tracking":false,"_monsterinsights_sitenote_active":false,"_monsterinsights_sitenote_note":"","_monsterinsights_sitenote_category":0,"footnotes":""},"yst_prominent_words":[333,197,330,198,196,145,154,360,320,320,318,195,194,332,195,194,329,328,325,319,319,324,331,154,196,327,326],"class_list":["post-2656","page","type-page","status-publish","hentry"],"_links":{"self":[{"href":"https:\/\/www.elers-medical.com\/de\/index.php\/wp-json\/wp\/v2\/pages\/2656","targetHints":{"allow":["GET"]}}],"collection":[{"href":"https:\/\/www.elers-medical.com\/de\/index.php\/wp-json\/wp\/v2\/pages"}],"about":[{"href":"https:\/\/www.elers-medical.com\/de\/index.php\/wp-json\/wp\/v2\/types\/page"}],"author":[{"embeddable":true,"href":"https:\/\/www.elers-medical.com\/de\/index.php\/wp-json\/wp\/v2\/users\/1"}],"replies":[{"embeddable":true,"href":"https:\/\/www.elers-medical.com\/de\/index.php\/wp-json\/wp\/v2\/comments?post=2656"}],"version-history":[{"count":5,"href":"https:\/\/www.elers-medical.com\/de\/index.php\/wp-json\/wp\/v2\/pages\/2656\/revisions"}],"predecessor-version":[{"id":4112,"href":"https:\/\/www.elers-medical.com\/de\/index.php\/wp-json\/wp\/v2\/pages\/2656\/revisions\/4112"}],"wp:attachment":[{"href":"https:\/\/www.elers-medical.com\/de\/index.php\/wp-json\/wp\/v2\/media?parent=2656"}],"wp:term":[{"taxonomy":"yst_prominent_words","embeddable":true,"href":"https:\/\/www.elers-medical.com\/de\/index.php\/wp-json\/wp\/v2\/yst_prominent_words?post=2656"}],"curies":[{"name":"wp","href":"https:\/\/api.w.org\/{rel}","templated":true}]}}