{"id":2662,"date":"2017-06-19T14:05:51","date_gmt":"2017-06-19T12:05:51","guid":{"rendered":"https:\/\/www.elers-medical.com\/index.php\/vorhang-sortiment\/"},"modified":"2020-01-23T09:09:27","modified_gmt":"2020-01-23T07:09:27","slug":"vorhang-sortiment","status":"publish","type":"page","link":"https:\/\/www.elers-medical.com\/de\/index.php\/vorhang-sortiment\/","title":{"rendered":"Vorhang Sortiment"},"content":{"rendered":"<p>[vc_row][vc_column]<div class=\"section_header subtitle_bottom   fancy text-center\">\r\n\r\n    <h2 style=\"text-align: center;\">VORHANG SORTIMENT<\/h2>\n<p>&nbsp;<\/p>\n<p>[vc_row][vc_column][vc_raw_html css=&#8220;.vc_custom_1487166211930{margin-top: -150px !important;}&#8220;]Jm5ic3A7DQoNCjxzdHlsZT4NCnRhYmxlIHs8YnIgLz4NCiAgICBmb250LWZhbWlseTogYXJpYWwsIHNhbnMtc2VyaWYsIHJhbGV3YXk7PGJyIC8+DQogICAgYm9yZGVyLWNvbGxhcHNlOiBjb2xsYXBzZTs8YnIgLz4NCiAgICB3aWR0aDogMTAwJTs8YnIgLz4NCn08L3A+DQo8cD50ZCwgdGggezxiciAvPg0KICAgIGJvcmRlcjogNHB4IHNvbGlkICNjNmM2YzY7PGJyIC8+DQogICAgdGV4dC1hbGlnbjogbGVmdDs8YnIgLz4NCiAgICBwYWRkaW5nOiAxMnB4OzxiciAvPg0KfTwvcD4NCjxwPnRyOm50aC1jaGlsZChldmVuKSB7PGJyIC8+DQogICAgYmFja2dyb3VuZC1jb2xvcjogIzMwOTBDNzs8YnIgLz4NCn08YnIgLz4NCjwvc3R5bGU+DQoNCiZuYnNwOw0KPHRhYmxlPg0KPHRib2R5Pg0KPHRyPg0KPHRoPlZvcmhhbmcgU3BlemlmaWthdGlvbmVuPC90aD4NCjx0aD5Hcm\/DnzwvdGg+DQo8dGg+TWVkaXVtPC90aD4NCjx0aD5LbGVpbjwvdGg+DQo8L3RyPg0KPHRyPg0KPHRkPkRyb3A8L3RkPg0KPHRkPjIwMGNtPC90ZD4NCjx0ZD4yMDBjbTwvdGQ+DQo8dGQ+MjAwY208L3RkPg0KPC90cj4NCjx0cj4NCjx0ZD5CcmVpdGU8L3RkPg0KPHRkPjc1MGNtPC90ZD4NCjx0ZD41NTVjbTwvdGQ+DQo8dGQ+Mzc1Y208L3RkPg0KPC90cj4NCjx0cj4NCjx0ZD5GYWx0ZW5icmVpdGU8L3RkPg0KPHRkPjE1Y208L3RkPg0KPHRkPjE1Y208L3RkPg0KPHRkPjE1Y208L3RkPg0KPC90cj4NCjx0cj4NCjx0ZD5PzIhzZW48L3RkPg0KPHRkPjUwPC90ZD4NCjx0ZD4zNzwvdGQ+DQo8dGQ+MjU8L3RkPg0KPC90cj4NCjx0cj4NCjx0ZD5BdWZoYcyIbmd1bmdlbjwvdGQ+DQo8dGQ+Mjc8L3RkPg0KPHRkPjE5PC90ZD4NCjx0ZD4xNTwvdGQ+DQo8L3RyPg0KPHRyPg0KPHRkPlZvcmhhzIhuZ2UgcHJvIEJveDwvdGQ+DQo8dGQ+NzwvdGQ+DQo8dGQ+ODwvdGQ+DQo8dGQ+MTI8L3RkPg0KPC90cj4NCjwvdGJvZHk+DQo8L3RhYmxlPg0KJm5ic3A7DQo=[\/vc_raw_html][vc_column_text]<\/p>\n<p style=\"text-align: center;\"><strong>Andere ma\u00dfgeschneiderte Gr\u00f6\u00dfen stehen auf Anfrage zur Verf\u00fcgung<\/strong><\/p>\n<p>[\/vc_column_text][\/vc_column][\/vc_row][vc_row][vc_column css_animation=&#8220;bounceInRight&#8220; css=&#8220;.vc_custom_1487166241233{margin-top: -100px !important;}&#8220;]<div class=\"section_header subtitle_bottom   fancy text-center\">\r\n\r\n    \r\n\r\n        <p ><\/p>\r\n<\/div>\n<h2 style=\"text-align: center;\">AUFH\u00c4NGESYSTEM<\/h2>\n\r\n\r\n        <p > <\/p>\r\n<\/div>[vc_media_grid element_width=&#8220;2&#8243; item=&#8220;mediaGrid_SlideOutCaption&#8220; grid_id=&#8220;vc_gid:1579527780830-2f433d11-225f-9&#8243; include=&#8220;3111,3168,3164,3514,3990,4002&#8243;][vc_empty_space height=&#8220;64px&#8220;]<div class=\"section_header subtitle_bottom   fancy text-center\">\r\n\r\n    <p>&nbsp;<\/p>\n<div class=\"page\" title=\"Page 4\"><\/div>\n<h2 style=\"text-align: center;\">Einfache Installation<\/h2>\n\r\n\r\n        <p ><\/p>\r\n<\/div>[vc_media_grid style=&#8220;lazy&#8220; element_width=&#8220;3&#8243; item=&#8220;mediaGrid_SlideOutCaption&#8220; grid_id=&#8220;vc_gid:1493123832103-64332760-cddf-8&#8243; include=&#8220;2189,2190,2191,2192&#8243;][vc_empty_space][\/vc_column][\/vc_row][vc_row full_width=&#8220;0&#8243; full_height=&#8220;0&#8243; particles=&#8220;0&#8243;][vc_column css_animation=&#8220;none&#8220; heading_align=&#8220;text-center&#8220; background=&#8220;transparent&#8220; same_height_col=&#8220;same_height_col&#8220; css=&#8220;.vc_custom_1487408024494{margin-top: -200px !important;}&#8220;][vc_empty_space]<div class=\"section_header subtitle_bottom   fancy text-center\">\r\n\r\n    <h1 style=\"text-align: center;\"><span style=\"color: #000000;\">FARBAUSWAHL<\/span><\/h1>\n\r\n\r\n        <p ><\/p>\r\n<\/div>[vc_single_image image=&#8220;2201&#8243; img_size=&#8220;full&#8220; alignment=&#8220;center&#8220; onclick=&#8220;zoom&#8220;][vc_column_text]<\/p>\n<p style=\"text-align: center;\"><span style=\"color: #000000;\"><strong><br \/>\nAndere Farben stehen auf Anfrage zur Verf\u00fcgung<br \/>\n<\/strong><\/span><\/p>\n<p>[\/vc_column_text][\/vc_column][\/vc_row]<\/p>\n","protected":false},"excerpt":{"rendered":"<p>[vc_row][vc_column][vc_media_grid element_width=&#8220;2&#8243; item=&#8220;mediaGrid_SlideOutCaption&#8220; grid_id=&#8220;vc_gid:1579527780830-2f433d11-225f-9&#8243; include=&#8220;3111,3168,3164,3514,3990,4002&#8243;][vc_empty_space height=&#8220;64px&#8220;][vc_media_grid style=&#8220;lazy&#8220; element_width=&#8220;3&#8243; item=&#8220;mediaGrid_SlideOutCaption&#8220; grid_id=&#8220;vc_gid:1493123832103-64332760-cddf-8&#8243; include=&#8220;2189,2190,2191,2192&#8243;][vc_empty_space][\/vc_column][\/vc_row][vc_row full_width=&#8220;0&#8243; full_height=&#8220;0&#8243; particles=&#8220;0&#8243;][vc_column css_animation=&#8220;none&#8220; heading_align=&#8220;text-center&#8220; background=&#8220;transparent&#8220; same_height_col=&#8220;same_height_col&#8220; css=&#8220;.vc_custom_1487408024494{margin-top: -200px !important;}&#8220;][vc_empty_space][vc_single_image image=&#8220;2201&#8243; img_size=&#8220;full&#8220; alignment=&#8220;center&#8220; onclick=&#8220;zoom&#8220;][vc_column_text] Andere Farben stehen auf Anfrage zur Verf\u00fcgung [\/vc_column_text][\/vc_column][\/vc_row]<\/p>\n","protected":false},"author":1,"featured_media":2544,"parent":0,"menu_order":0,"comment_status":"closed","ping_status":"closed","template":"","meta":{"_monsterinsights_skip_tracking":false,"_monsterinsights_sitenote_active":false,"_monsterinsights_sitenote_note":"","_monsterinsights_sitenote_category":0,"footnotes":""},"yst_prominent_words":[322,321,149,323],"class_list":["post-2662","page","type-page","status-publish","has-post-thumbnail","hentry"],"_links":{"self":[{"href":"https:\/\/www.elers-medical.com\/de\/index.php\/wp-json\/wp\/v2\/pages\/2662","targetHints":{"allow":["GET"]}}],"collection":[{"href":"https:\/\/www.elers-medical.com\/de\/index.php\/wp-json\/wp\/v2\/pages"}],"about":[{"href":"https:\/\/www.elers-medical.com\/de\/index.php\/wp-json\/wp\/v2\/types\/page"}],"author":[{"embeddable":true,"href":"https:\/\/www.elers-medical.com\/de\/index.php\/wp-json\/wp\/v2\/users\/1"}],"replies":[{"embeddable":true,"href":"https:\/\/www.elers-medical.com\/de\/index.php\/wp-json\/wp\/v2\/comments?post=2662"}],"version-history":[{"count":5,"href":"https:\/\/www.elers-medical.com\/de\/index.php\/wp-json\/wp\/v2\/pages\/2662\/revisions"}],"predecessor-version":[{"id":4114,"href":"https:\/\/www.elers-medical.com\/de\/index.php\/wp-json\/wp\/v2\/pages\/2662\/revisions\/4114"}],"wp:featuredmedia":[{"embeddable":true,"href":"https:\/\/www.elers-medical.com\/de\/index.php\/wp-json\/wp\/v2\/media\/2544"}],"wp:attachment":[{"href":"https:\/\/www.elers-medical.com\/de\/index.php\/wp-json\/wp\/v2\/media?parent=2662"}],"wp:term":[{"taxonomy":"yst_prominent_words","embeddable":true,"href":"https:\/\/www.elers-medical.com\/de\/index.php\/wp-json\/wp\/v2\/yst_prominent_words?post=2662"}],"curies":[{"name":"wp","href":"https:\/\/api.w.org\/{rel}","templated":true}]}}