{"id":2814,"date":"2017-08-14T08:59:42","date_gmt":"2017-08-14T06:59:42","guid":{"rendered":"https:\/\/www.elers-medical.com\/index.php\/padiatrische-vorhange\/"},"modified":"2017-08-28T09:32:59","modified_gmt":"2017-08-28T07:32:59","slug":"padiatrische-vorhange","status":"publish","type":"page","link":"https:\/\/www.elers-medical.com\/de\/index.php\/padiatrische-vorhange\/","title":{"rendered":"P\u00e4diatrische Vorh\u00e4nge"},"content":{"rendered":"<p>[vc_row full_width=&#8220;0&#8243; full_height=&#8220;0&#8243; row_padding=&#8220;no_bottom_padding&#8220; particles=&#8220;0&#8243;][vc_column][vc_column_text]<\/p>\n<h1>Richten Sie die Kinderabteilung mit Muumifiguren-Vorh\u00e4ngen ein &#8211; JETZ ERH\u00c4LTLICH<\/h1>\n<p>Die Kontrolle \u00fcber Infektionen in einer Kinderabteilung ist wichtig, aber das muss nicht bedeuten, da\u00df die Einrichtung der Abteilung, das heisst die Trenn-Vorh\u00e4nge nicht auch Gem\u00fctlichkeit und Wohlbefinden f\u00fcr die Patienten und Pflegekr\u00e4fte bringen k\u00f6nnten.<\/p>\n<p>Die Vorh\u00e4nge aus der Kollektion mit Muumi-Figuren ist modern, in Schwarz-Wei\u00df-Design. Sie lassen sich\u00a0 leicht mit der bereits vorhandenen Farbwelt der Abteilung verbinden. Das beidseitige Druck-Design erm\u00f6glicht es, da\u00df sowohl die Patienten wie auch die Pflegekr\u00e4fte dieses Design genie\u00dfen k\u00f6nnen.<\/p>\n<p>Tove Jansson, eine finnisch-schwedische Schriftstellerin und K\u00fcnstlerin erschuf die Muumi-Familie. Sie schrieb und illustrierte die Geschichten \u00fcber die Muumis in den Jahren 1945 bis 1977. Die beliebte Muumi-Familie und ihre Freunde verbringen ein abenteuerliches Leben in dem idyllischen und friedvollen Muumital &#8211; im Einklang mit der Natur. Heute sind die Muumis international bekannt und werden ihren Erfolgskurs in der neuen TV-Serie feiern, die Anfang 2019 startet.<\/p>\n<p>Elers Medical hat die exclusive Lizenz f\u00fcr den Druck dieses unikaten Designs f\u00fcr Vorh\u00e4nge in den Krankenh\u00e4usern.\u00a0Erh\u00e4ltlich sind Standard- und Antimikrobi-Versionen.[\/vc_column_text][\/vc_column][\/vc_row][vc_row align=&#8220;text-center&#8220; full_width=&#8220;0&#8243; full_height=&#8220;0&#8243; row_padding=&#8220;no_padding&#8220; particles=&#8220;0&#8243;][vc_column][vc_images_carousel images=&#8220;2734,2805,2737&#8243; img_size=&#8220;full&#8220; autoplay=&#8220;yes&#8220;][\/vc_column][\/vc_row][vc_row][vc_column][vc_column_text]<\/p>\n<p style=\"text-align: center;\"><b>\u00a9 Moomin Characters \u2122<\/b><\/p>\n<p>[\/vc_column_text][\/vc_column][\/vc_row][vc_row full_width=&#8220;0&#8243; full_height=&#8220;0&#8243; row_padding=&#8220;no_top_padding&#8220; particles=&#8220;0&#8243;][vc_column]<div class=\"plethora_button wpb_content_element   text-center \">\r\n    <a href=\"https:\/\/www.elers-medical.com\/de\/index.php\/kontakt\/\" debug class=\" btn btn-primary  \" title=\"\"  target=\"_self\">\r\n\r\n        \r\n        Kontakt f\u00fcr weitere Informationen\r\n        \r\n\r\n    <\/a>\r\n<\/div>[\/vc_column][\/vc_row]<\/p>\n","protected":false},"excerpt":{"rendered":"<p>[vc_row full_width=&#8220;0&#8243; full_height=&#8220;0&#8243; row_padding=&#8220;no_bottom_padding&#8220; particles=&#8220;0&#8243;][vc_column][vc_column_text] Richten Sie die Kinderabteilung mit Muumifiguren-Vorh\u00e4ngen ein &#8211; JETZ ERH\u00c4LTLICH Die Kontrolle \u00fcber Infektionen in einer Kinderabteilung ist wichtig, aber das muss nicht bedeuten, da\u00df die Einrichtung der Abteilung, das heisst die Trenn-Vorh\u00e4nge nicht auch Gem\u00fctlichkeit und Wohlbefinden f\u00fcr die Patienten und Pflegekr\u00e4fte bringen k\u00f6nnten. Die Vorh\u00e4nge aus der Kollektion [&hellip;]<\/p>\n","protected":false},"author":5,"featured_media":4051,"parent":0,"menu_order":0,"comment_status":"closed","ping_status":"closed","template":"","meta":{"_monsterinsights_skip_tracking":false,"_monsterinsights_sitenote_active":false,"_monsterinsights_sitenote_note":"","_monsterinsights_sitenote_category":0,"footnotes":""},"yst_prominent_words":[343,153,167,165,275,340,272,342,191,267,271,268,346,341,276,276,344,154,345,148],"class_list":["post-2814","page","type-page","status-publish","has-post-thumbnail","hentry"],"_links":{"self":[{"href":"https:\/\/www.elers-medical.com\/de\/index.php\/wp-json\/wp\/v2\/pages\/2814","targetHints":{"allow":["GET"]}}],"collection":[{"href":"https:\/\/www.elers-medical.com\/de\/index.php\/wp-json\/wp\/v2\/pages"}],"about":[{"href":"https:\/\/www.elers-medical.com\/de\/index.php\/wp-json\/wp\/v2\/types\/page"}],"author":[{"embeddable":true,"href":"https:\/\/www.elers-medical.com\/de\/index.php\/wp-json\/wp\/v2\/users\/5"}],"replies":[{"embeddable":true,"href":"https:\/\/www.elers-medical.com\/de\/index.php\/wp-json\/wp\/v2\/comments?post=2814"}],"version-history":[{"count":5,"href":"https:\/\/www.elers-medical.com\/de\/index.php\/wp-json\/wp\/v2\/pages\/2814\/revisions"}],"predecessor-version":[{"id":2856,"href":"https:\/\/www.elers-medical.com\/de\/index.php\/wp-json\/wp\/v2\/pages\/2814\/revisions\/2856"}],"wp:featuredmedia":[{"embeddable":true,"href":"https:\/\/www.elers-medical.com\/de\/index.php\/wp-json\/wp\/v2\/media\/4051"}],"wp:attachment":[{"href":"https:\/\/www.elers-medical.com\/de\/index.php\/wp-json\/wp\/v2\/media?parent=2814"}],"wp:term":[{"taxonomy":"yst_prominent_words","embeddable":true,"href":"https:\/\/www.elers-medical.com\/de\/index.php\/wp-json\/wp\/v2\/yst_prominent_words?post=2814"}],"curies":[{"name":"wp","href":"https:\/\/api.w.org\/{rel}","templated":true}]}}