{"id":3270,"date":"2018-02-26T15:12:45","date_gmt":"2018-02-26T13:12:45","guid":{"rendered":"https:\/\/www.elers-medical.com\/?page_id=3270\/"},"modified":"2019-10-07T13:00:21","modified_gmt":"2019-10-07T11:00:21","slug":"sobre-nosotros","status":"publish","type":"page","link":"https:\/\/www.elers-medical.com\/es\/index.php\/sobre-nosotros\/","title":{"rendered":"Sobre nosotros"},"content":{"rendered":"<p>[vc_row full_width=\u00bb0&#8243; full_height=\u00bb0&#8243; particles=\u00bb0&#8243;][vc_column width=\u00bb1\/2&#8243; heading_align=\u00bbtext-center\u00bb margin=\u00bbmargin_bottom_grid\u00bb offset=\u00bbvc_col-md-6&#8243;][vc_column_text][\/vc_column_text][vc_text_separator title=\u00bb\u00bfQu\u00e9 es lo que representamos?\u00bb title_align=\u00bbseparator_align_left\u00bb][vc_column_text]<strong><span style=\"font-family: Raleway;\"><span class=\"_3oh- _58nk\">Elers Medical se estableci\u00f3 para transformar la salud y el bienestar de millones de personas en todo el mundo. Trabajamos constantemente para encontrar formas de reducir las infecciones adquiridas en el hospital, que representan 136,000 muertes y US$27,7 mil millones en costos hospitalarios directos anualmente en la UE y EE. UU. Hoy dise\u00f1amos y fabricamos una gama completa de m\u00e1s de 30 productos profesionales \u00fanicos para control de infecciones, el \u00faltimo grupo de productos son las cortinas antimicrobianas desechables.<\/span><\/span><\/strong><\/p>\n<p><strong><span style=\"font-family: Raleway;\"><span class=\"_3oh- _58nk\"><span class=\"truncate-multiline--last-line-wrapper\">Nuestra visi\u00f3n es ser l\u00edder mundial en Control de Infecciones Adquiridas en Hospitales &#8211; con productos que no contienen antibi\u00f3ticos o productos qu\u00edmicos peligrosos.\u00a0<\/span><\/span><\/span><\/strong><\/p>\n<p><strong><span style=\"font-family: Raleway;\"><span class=\"_3oh- _58nk\">Creemos apasionadamente que todas las personas, est\u00e9n donde est\u00e9n en el mundo, merecen acceso a un entorno de salud seguro, incluidos los productos que han demostrado mejorar la prevenci\u00f3n de infecciones.\u00a0Para obtener m\u00e1s informaci\u00f3n, visite nuestra <a href=\"http:\/\/www.elers-medical.eu\/\">p\u00e1gina corporativa<\/a>.\u00a0<\/span><\/span><\/strong>[\/vc_column_text][\/vc_column][vc_column width=\u00bb1\/2&#8243;]<!-- ========================== TEASER BOX ==========================-->\r\n<div class=\"teaser_box wpb_content_element text-center      with_button    \">\r\n\r\n  <div class=\"figure \">\r\n\r\n\r\n\r\n        \r\n        \r\n        \r\n         <img decoding=\"async\" src=\"https:\/\/www.elers-medical.com\/wp-content\/uploads\/2015\/09\/cover_photo_fow_website_small-file-size.jpg\" alt=\"\">   \r\n\r\n        \r\n\r\n\r\n  <\/div>\r\n\r\n\r\n\r\n\r\n<\/div>\r\n\r\n<!-- END======================= TEASER BOX ==========================-->[\/vc_column][\/vc_row][vc_row color_set=\u00bbwhite_section\u00bb full_width=\u00bb0&#8243; full_height=\u00bb0&#8243; sep_bottom=\u00bbseparator_bottom sep_angled_positive_bottom\u00bb particles=\u00bb0&#8243; el_id=\u00bbfacilities\u00bb css=\u00bb.vc_custom_1486399809953{margin-top: -35px !important;}\u00bb][vc_column][vc_column_text css=\u00bb.vc_custom_1487424148839{margin-top: -100px !important;}\u00bb]<\/p>\n<h3 style=\"text-align: center;\">Por favor visite nuestra p\u00e1gina corporativa<\/h3>\n<p>[\/vc_column_text]<div class=\"plethora_button wpb_content_element   text-center \">\r\n    <a href=\"http:\/\/www.elers-medical.eu\" debug class=\" btn btn-secondary  \" title=\"\"  target=\"_self\">\r\n\r\n        \r\n        VEAMOS\r\n        \r\n\r\n    <\/a>\r\n<\/div>[\/vc_column][\/vc_row][vc_row color_set=\u00bbsecondary_section\u00bb full_width=\u00bb0&#8243; full_height=\u00bb1&#8243; cols_valign=\u00bbvcenter\u00bb transparent_overlay=\u00bbtransparent_film\u00bb background=\u00bbbgimage\u00bb bgimage=\u00bb2095&#8243; parallax=\u00bb0&#8243;][vc_column css=\u00bb.vc_custom_1486463804542{margin-top: 250px !important;}\u00bb]<div class=\"section_header subtitle_bottom   xbold text-center\">\r\n\r\n    <h2 style=\"text-align: center;\">NOS ENFOCAMOS EN PRODUCTOS Y DISPOSITIVOS M\u00c9DICOS DE ALTA CALIDAD PARA CONTROL DE INFECCIONES<\/h2>\n\r\n\r\n        <p >We promise to deliver unique high quality disposable curtains<\/p>\r\n<\/div>[\/vc_column][vc_column offset=\u00bbvc_col-md-2&#8243;][\/vc_column][vc_column align=\u00bbtext-center\u00bb offset=\u00bbvc_col-md-8&#8243;][\/vc_column][vc_column offset=\u00bbvc_col-md-2&#8243;][\/vc_column][\/vc_row]<\/p>\n","protected":false},"excerpt":{"rendered":"<p>[vc_row full_width=\u00bb0&#8243; full_height=\u00bb0&#8243; particles=\u00bb0&#8243;][vc_column width=\u00bb1\/2&#8243; heading_align=\u00bbtext-center\u00bb margin=\u00bbmargin_bottom_grid\u00bb offset=\u00bbvc_col-md-6&#8243;][vc_column_text][\/vc_column_text][vc_text_separator title=\u00bb\u00bfQu\u00e9 es lo que representamos?\u00bb title_align=\u00bbseparator_align_left\u00bb][vc_column_text]Elers Medical se estableci\u00f3 para transformar la salud y el bienestar de millones de personas en todo el mundo. Trabajamos constantemente para encontrar formas de reducir las infecciones adquiridas en el hospital, que representan 136,000 muertes y US$27,7 mil millones en costos [&hellip;]<\/p>\n","protected":false},"author":5,"featured_media":3292,"parent":0,"menu_order":0,"comment_status":"closed","ping_status":"closed","template":"","meta":{"_monsterinsights_skip_tracking":false,"_monsterinsights_sitenote_active":false,"_monsterinsights_sitenote_note":"","_monsterinsights_sitenote_category":0,"footnotes":""},"yst_prominent_words":[464,126,462,471,461,463,466,472,469,460,465,470,468,467],"class_list":["post-3270","page","type-page","status-publish","has-post-thumbnail","hentry"],"_links":{"self":[{"href":"https:\/\/www.elers-medical.com\/es\/index.php\/wp-json\/wp\/v2\/pages\/3270","targetHints":{"allow":["GET"]}}],"collection":[{"href":"https:\/\/www.elers-medical.com\/es\/index.php\/wp-json\/wp\/v2\/pages"}],"about":[{"href":"https:\/\/www.elers-medical.com\/es\/index.php\/wp-json\/wp\/v2\/types\/page"}],"author":[{"embeddable":true,"href":"https:\/\/www.elers-medical.com\/es\/index.php\/wp-json\/wp\/v2\/users\/5"}],"replies":[{"embeddable":true,"href":"https:\/\/www.elers-medical.com\/es\/index.php\/wp-json\/wp\/v2\/comments?post=3270"}],"version-history":[{"count":4,"href":"https:\/\/www.elers-medical.com\/es\/index.php\/wp-json\/wp\/v2\/pages\/3270\/revisions"}],"predecessor-version":[{"id":3978,"href":"https:\/\/www.elers-medical.com\/es\/index.php\/wp-json\/wp\/v2\/pages\/3270\/revisions\/3978"}],"wp:featuredmedia":[{"embeddable":true,"href":"https:\/\/www.elers-medical.com\/es\/index.php\/wp-json\/wp\/v2\/media\/3292"}],"wp:attachment":[{"href":"https:\/\/www.elers-medical.com\/es\/index.php\/wp-json\/wp\/v2\/media?parent=3270"}],"wp:term":[{"taxonomy":"yst_prominent_words","embeddable":true,"href":"https:\/\/www.elers-medical.com\/es\/index.php\/wp-json\/wp\/v2\/yst_prominent_words?post=3270"}],"curies":[{"name":"wp","href":"https:\/\/api.w.org\/{rel}","templated":true}]}}