{"id":3309,"date":"2018-03-06T15:11:54","date_gmt":"2018-03-06T13:11:54","guid":{"rendered":"https:\/\/www.elers-medical.com\/?page_id=3309\/"},"modified":"2018-04-04T09:13:08","modified_gmt":"2018-04-04T07:13:08","slug":"ac","status":"publish","type":"page","link":"https:\/\/www.elers-medical.com\/es\/index.php\/ac\/","title":{"rendered":"Alcance de la Cortina"},"content":{"rendered":"<p>[vc_row][vc_column]<div class=\"section_header subtitle_bottom   fancy text-center\">\r\n\r\n    <h2 style=\"text-align: center;\">Rango de cortina m\u00e9dica<\/h2>\n\r\n\r\n        <p >Available in Antimicrobial and Untreated \u2013 100 GSM and 120 GSM fabric<\/p>\r\n<\/div>[\/vc_column][\/vc_row][vc_row][vc_column][vc_raw_html css=\u00bb.vc_custom_1519652899843{margin-top: -150px !important;}\u00bb]JTNDaHRtbCUzRSUwQSUzQ2hlYWQlM0UlMEElM0NzdHlsZSUzRSUwQXRhYmxlJTIwJTdCJTBBJTIwJTIwJTIwJTIwZm9udC1mYW1pbHklM0ElMjBhcmlhbCUyQyUyMHNhbnMtc2VyaWYlMkMlMjByYWxld2F5JTNCJTBBJTIwJTIwJTIwJTIwYm9yZGVyLWNvbGxhcHNlJTNBJTIwY29sbGFwc2UlM0IlMEElMjAlMjAlMjAlMjB3aWR0aCUzQSUyMDEwMCUyNSUzQiUwQSU3RCUwQSUwQXRkJTJDJTIwdGglMjAlN0IlMEElMjAlMjAlMjAlMjBib3JkZXIlM0ElMjA0cHglMjBzb2xpZCUyMCUyM2M2YzZjNiUzQiUwQSUyMCUyMCUyMCUyMHRleHQtYWxpZ24lM0ElMjBsZWZ0JTNCJTBBJTIwJTIwJTIwJTIwcGFkZGluZyUzQSUyMDEycHglM0IlMEElN0QlMEElMEF0ciUzQW50aC1jaGlsZCUyOGV2ZW4lMjklMjAlN0IlMEElMjAlMjAlMjAlMjBiYWNrZ3JvdW5kLWNvbG9yJTNBJTIwJTIzMzA5MEM3JTNCJTBBJTdEJTBBJTNDJTJGc3R5bGUlM0UlMEElM0MlMkZoZWFkJTNFJTBBJTNDYm9keSUzRSUwQSUwQSUzQ3RhYmxlJTNFJTBBJTIwJTIwJTNDdHIlM0UlMEElMjAlMjAlMjAlMjAlM0N0aCUzRUVzcGVjaWZpY2FjaW9uZXMlMjBkZSUyMGxhJTIwQ29ydGluYSUzQyUyRnRoJTNFJTBBJTIwJTIwJTIwJTIwJTNDdGglM0VHcmFuZGUlM0MlMkZ0aCUzRSUwQSUyMCUyMCUyMCUyMCUzQ3RoJTNFTWVkaWFuYSUzQyUyRnRoJTNFJTBBJTIwJTIwJTIwJTIwJTNDdGglM0VQZXF1ZSVDMyVCMWElM0MlMkZ0aCUzRSUwQSUyMCUyMCUzQyUyRnRyJTNFJTBBJTIwJTIwJTNDdHIlM0UlMEElMjAlMjAlMjAlMjAlM0N0ZCUzRUNhJUMzJUFEZGElM0MlMkZ0ZCUzRSUwQSUyMCUyMCUyMCUyMCUzQ3RkJTNFMjAwY20lM0MlMkZ0ZCUzRSUwQSUyMCUyMCUyMCUyMCUzQ3RkJTNFMjAwY20lM0MlMkZ0ZCUzRSUwQSUyMCUyMCUyMCUyMCUzQ3RkJTNFMjAwY20lM0MlMkZ0ZCUzRSUwQSUyMCUyMCUzQyUyRnRyJTNFJTBBJTIwJTIwJTNDdHIlM0UlMEElMjAlMjAlMjAlMjAlM0N0ZCUzRUFuY2hvJTNDJTJGdGQlM0UlMEElMjAlMjAlMjAlMjAlM0N0ZCUzRTc1MGNtJTNDJTJGdGQlM0UlMEElMjAlMjAlMjAlMjAlM0N0ZCUzRTU1NWNtJTNDJTJGdGQlM0UlMEElMjAlMjAlMjAlMjAlM0N0ZCUzRTM3NWNtJTNDJTJGdGQlM0UlMEElMjAlMjAlM0MlMkZ0ciUzRSUwQSUyMCUyMCUzQ3RyJTNFJTBBJTIwJTIwJTIwJTIwJTNDdGQlM0VBbmNobyUyMGRlbCUyMHBsaWVndWUlM0MlMkZ0ZCUzRSUwQSUyMCUyMCUyMCUyMCUzQ3RkJTNFMTVjbSUzQyUyRnRkJTNFJTBBJTIwJTIwJTIwJTIwJTNDdGQlM0UxNWNtJTNDJTJGdGQlM0UlMEElMjAlMjAlMjAlMjAlM0N0ZCUzRTE1Y20lM0MlMkZ0ZCUzRSUwQSUyMCUyMCUzQyUyRnRyJTNFJTBBJTIwJTIwJTNDdHIlM0UlMEElMjAlMjAlMjAlMjAlM0N0ZCUzRU9qZXRlcyUzQyUyRnRkJTNFJTBBJTIwJTIwJTIwJTIwJTNDdGQlM0U1MCUzQyUyRnRkJTNFJTBBJTIwJTIwJTIwJTIwJTNDdGQlM0UzNyUzQyUyRnRkJTNFJTBBJTIwJTIwJTIwJTIwJTNDdGQlM0UyNSUzQyUyRnRkJTNFJTBBJTIwJTIwJTNDJTJGdHIlM0UlMEElMjAlMjAlM0N0ciUzRSUwQSUyMCUyMCUyMCUyMCUzQ3RkJTNFR2FuY2hvcyUzQyUyRnRkJTNFJTBBJTIwJTIwJTIwJTIwJTNDdGQlM0UyNyUzQyUyRnRkJTNFJTBBJTIwJTIwJTIwJTIwJTNDdGQlM0UxOSUzQyUyRnRkJTNFJTBBJTIwJTIwJTIwJTIwJTNDdGQlM0UxNSUzQyUyRnRkJTNFJTBBJTIwJTIwJTNDJTJGdHIlM0UlMEElMjAlMjAlM0N0ciUzRSUwQSUyMCUyMCUyMCUyMCUzQ3RkJTNFQ29ydGluYXMlMjBwb3IlMjBjYWphJTNDJTJGdGQlM0UlMEElMjAlMjAlMjAlMjAlM0N0ZCUzRTclM0MlMkZ0ZCUzRSUwQSUyMCUyMCUyMCUyMCUzQ3RkJTNFOCUzQyUyRnRkJTNFJTBBJTIwJTIwJTIwJTIwJTNDdGQlM0UxMiUzQyUyRnRkJTNFJTBBJTIwJTIwJTNDJTJGdHIlM0UlMEElM0MlMkZ0YWJsZSUzRSUwQSUwQSUzQyUyRmJvZHklM0UlMEElM0MlMkZodG1sJTNFJTBB[\/vc_raw_html][vc_column_text]<\/p>\n<p style=\"text-align: center;\"><strong>Otros tama\u00f1os a medida est\u00e1n disponibles bajo petici\u00f3n<\/strong><\/p>\n<p>[\/vc_column_text][\/vc_column][\/vc_row][vc_row][vc_column css_animation=\u00bbbounceInRight\u00bb css=\u00bb.vc_custom_1487166241233{margin-top: -100px !important;}\u00bb]<div class=\"section_header subtitle_bottom   fancy text-center\">\r\n\r\n    <h2 style=\"text-align: center;\">SISTEMAS COLGANTE<\/h2>\n\r\n\r\n        <p ><\/p>\r\n<\/div>[vc_media_grid item=\u00bbmediaGrid_SlideOutCaption\u00bb grid_id=\u00bbvc_gid:1519652637002-8ac26727-1607-2&#8243; include=\u00bb3111,3168,3164&#8243;][vc_empty_space height=\u00bb64px\u00bb]<div class=\"section_header subtitle_bottom   fancy text-center\">\r\n\r\n    <h2 style=\"text-align: center;\">GU\u00cdA DE INSTALACI\u00d3N SENCILLA<\/h2>\n\r\n\r\n        <p ><\/p>\r\n<\/div>[vc_media_grid style=\u00bblazy\u00bb element_width=\u00bb3&#8243; item=\u00bbmediaGrid_SlideOutCaption\u00bb grid_id=\u00bbvc_gid:1519652637007-91bc986d-fb5c-7&#8243; include=\u00bb2189,2190,2191,2192&#8243;][vc_empty_space][\/vc_column][\/vc_row][vc_row full_width=\u00bb0&#8243; full_height=\u00bb0&#8243; particles=\u00bb0&#8243;][vc_column css_animation=\u00bbnone\u00bb heading_align=\u00bbtext-center\u00bb background=\u00bbtransparent\u00bb same_height_col=\u00bbsame_height_col\u00bb css=\u00bb.vc_custom_1487408024494{margin-top: -200px !important;}\u00bb][vc_empty_space]<div class=\"section_header subtitle_bottom   fancy text-center\">\r\n\r\n    <h1 style=\"text-align: center;\"><span style=\"color: #000000;\">Colores almacenados<\/span><\/h1>\n\r\n\r\n        <p ><\/p>\r\n<\/div>[vc_single_image image=\u00bb3176&#8243; img_size=\u00bbfull\u00bb alignment=\u00bbcenter\u00bb onclick=\u00bbzoom\u00bb][vc_column_text]<\/p>\n<p style=\"text-align: center;\"><span style=\"color: #000000;\"><strong><br \/>\nOtros colores est\u00e1n disponibles bajo petici\u00f3n<br \/>\n<\/strong><\/span><\/p>\n<p>[\/vc_column_text][vc_empty_space height=\u00bb64px\u00bb][\/vc_column][\/vc_row][vc_row full_width=\u00bb0&#8243; full_height=\u00bb0&#8243; elevate=\u00bbelevate\u00bb particles=\u00bb0&#8243; css=\u00bb.vc_custom_1519296878576{margin-bottom: -150px !important;}\u00bb][vc_column css_animation=\u00bbnone\u00bb heading_align=\u00bbtext-center\u00bb background=\u00bbtransparent\u00bb same_height_col=\u00bbsame_height_col\u00bb css=\u00bb.vc_custom_1487408024494{margin-top: -200px !important;}\u00bb][vc_empty_space height=\u00bb85px\u00bb]<div class=\"section_header subtitle_bottom   fancy text-center\">\r\n\r\n    <h1 style=\"text-align: center;\"><span style=\"color: #000000;\">Timestrip indicator<\/span><\/h1>\n\r\n\r\n        <p ><\/p>\r\n<\/div>[vc_column_text]<\/p>\n<p style=\"text-align: center;\"><span style=\"color: #000000;\"><strong><br \/>\nAvailable on request \u2013 3, 6 or 12 months<br \/>\n<\/strong><\/span><\/p>\n<p>[\/vc_column_text][\/vc_column][\/vc_row][vc_row full_width=\u00bb0&#8243; full_height=\u00bb0&#8243; row_padding=\u00bbno_top_padding\u00bb particles=\u00bb0&#8243;][vc_column width=\u00bb1\/2&#8243; elevate=\u00bbelevate\u00bb][vc_column_text]<span style=\"font-weight: 400;\">Timestrip\u00ae elapsed time indicator is a small nonreversible reminder. Indicator can be used to supplement a curtain. Indicator is applied to individual curtains and allow one to distinguish how long it has been since last curtain change.\u00a0<\/span><\/p>\n<p><span style=\"font-weight: 400;\">Once activated by squeezing the activation blister, they immediately begin to show the amount of time that has passed by filling the window with colour.\u00a0<\/span><\/p>\n<p><span style=\"font-weight: 400;\">When the Timestrip\u00ae indicator has completely filled with colour, 6 months have passed, reminding the user to take action.<\/span><\/p>\n<p><span style=\"font-weight: 400;\">More info: www.timestrip.com<\/span>[\/vc_column_text][\/vc_column][vc_column width=\u00bb1\/2&#8243; elevate=\u00bbelevate\u00bb][vc_single_image image=\u00bb3209&#8243; img_size=\u00bbmedium\u00bb css=\u00bb.vc_custom_1519301476741{margin-top: px !important;}\u00bb][vc_single_image image=\u00bb3230&#8243; img_size=\u00bb400&#215;600&#8243; css=\u00bb.vc_custom_1519301514089{margin-top: -300px !important;margin-left: 350px !important;}\u00bb][\/vc_column][\/vc_row]<\/p>\n","protected":false},"excerpt":{"rendered":"<p>[vc_row][vc_column][\/vc_column][\/vc_row][vc_row][vc_column][vc_raw_html css=\u00bb.vc_custom_1519652899843{margin-top: -150px !important;}\u00bb]JTNDaHRtbCUzRSUwQSUzQ2hlYWQlM0UlMEElM0NzdHlsZSUzRSUwQXRhYmxlJTIwJTdCJTBBJTIwJTIwJTIwJTIwZm9udC1mYW1pbHklM0ElMjBhcmlhbCUyQyUyMHNhbnMtc2VyaWYlMkMlMjByYWxld2F5JTNCJTBBJTIwJTIwJTIwJTIwYm9yZGVyLWNvbGxhcHNlJTNBJTIwY29sbGFwc2UlM0IlMEElMjAlMjAlMjAlMjB3aWR0aCUzQSUyMDEwMCUyNSUzQiUwQSU3RCUwQSUwQXRkJTJDJTIwdGglMjAlN0IlMEElMjAlMjAlMjAlMjBib3JkZXIlM0ElMjA0cHglMjBzb2xpZCUyMCUyM2M2YzZjNiUzQiUwQSUyMCUyMCUyMCUyMHRleHQtYWxpZ24lM0ElMjBsZWZ0JTNCJTBBJTIwJTIwJTIwJTIwcGFkZGluZyUzQSUyMDEycHglM0IlMEElN0QlMEElMEF0ciUzQW50aC1jaGlsZCUyOGV2ZW4lMjklMjAlN0IlMEElMjAlMjAlMjAlMjBiYWNrZ3JvdW5kLWNvbG9yJTNBJTIwJTIzMzA5MEM3JTNCJTBBJTdEJTBBJTNDJTJGc3R5bGUlM0UlMEElM0MlMkZoZWFkJTNFJTBBJTNDYm9keSUzRSUwQSUwQSUzQ3RhYmxlJTNFJTBBJTIwJTIwJTNDdHIlM0UlMEElMjAlMjAlMjAlMjAlM0N0aCUzRUVzcGVjaWZpY2FjaW9uZXMlMjBkZSUyMGxhJTIwQ29ydGluYSUzQyUyRnRoJTNFJTBBJTIwJTIwJTIwJTIwJTNDdGglM0VHcmFuZGUlM0MlMkZ0aCUzRSUwQSUyMCUyMCUyMCUyMCUzQ3RoJTNFTWVkaWFuYSUzQyUyRnRoJTNFJTBBJTIwJTIwJTIwJTIwJTNDdGglM0VQZXF1ZSVDMyVCMWElM0MlMkZ0aCUzRSUwQSUyMCUyMCUzQyUyRnRyJTNFJTBBJTIwJTIwJTNDdHIlM0UlMEElMjAlMjAlMjAlMjAlM0N0ZCUzRUNhJUMzJUFEZGElM0MlMkZ0ZCUzRSUwQSUyMCUyMCUyMCUyMCUzQ3RkJTNFMjAwY20lM0MlMkZ0ZCUzRSUwQSUyMCUyMCUyMCUyMCUzQ3RkJTNFMjAwY20lM0MlMkZ0ZCUzRSUwQSUyMCUyMCUyMCUyMCUzQ3RkJTNFMjAwY20lM0MlMkZ0ZCUzRSUwQSUyMCUyMCUzQyUyRnRyJTNFJTBBJTIwJTIwJTNDdHIlM0UlMEElMjAlMjAlMjAlMjAlM0N0ZCUzRUFuY2hvJTNDJTJGdGQlM0UlMEElMjAlMjAlMjAlMjAlM0N0ZCUzRTc1MGNtJTNDJTJGdGQlM0UlMEElMjAlMjAlMjAlMjAlM0N0ZCUzRTU1NWNtJTNDJTJGdGQlM0UlMEElMjAlMjAlMjAlMjAlM0N0ZCUzRTM3NWNtJTNDJTJGdGQlM0UlMEElMjAlMjAlM0MlMkZ0ciUzRSUwQSUyMCUyMCUzQ3RyJTNFJTBBJTIwJTIwJTIwJTIwJTNDdGQlM0VBbmNobyUyMGRlbCUyMHBsaWVndWUlM0MlMkZ0ZCUzRSUwQSUyMCUyMCUyMCUyMCUzQ3RkJTNFMTVjbSUzQyUyRnRkJTNFJTBBJTIwJTIwJTIwJTIwJTNDdGQlM0UxNWNtJTNDJTJGdGQlM0UlMEElMjAlMjAlMjAlMjAlM0N0ZCUzRTE1Y20lM0MlMkZ0ZCUzRSUwQSUyMCUyMCUzQyUyRnRyJTNFJTBBJTIwJTIwJTNDdHIlM0UlMEElMjAlMjAlMjAlMjAlM0N0ZCUzRU9qZXRlcyUzQyUyRnRkJTNFJTBBJTIwJTIwJTIwJTIwJTNDdGQlM0U1MCUzQyUyRnRkJTNFJTBBJTIwJTIwJTIwJTIwJTNDdGQlM0UzNyUzQyUyRnRkJTNFJTBBJTIwJTIwJTIwJTIwJTNDdGQlM0UyNSUzQyUyRnRkJTNFJTBBJTIwJTIwJTNDJTJGdHIlM0UlMEElMjAlMjAlM0N0ciUzRSUwQSUyMCUyMCUyMCUyMCUzQ3RkJTNFR2FuY2hvcyUzQyUyRnRkJTNFJTBBJTIwJTIwJTIwJTIwJTNDdGQlM0UyNyUzQyUyRnRkJTNFJTBBJTIwJTIwJTIwJTIwJTNDdGQlM0UxOSUzQyUyRnRkJTNFJTBBJTIwJTIwJTIwJTIwJTNDdGQlM0UxNSUzQyUyRnRkJTNFJTBBJTIwJTIwJTNDJTJGdHIlM0UlMEElMjAlMjAlM0N0ciUzRSUwQSUyMCUyMCUyMCUyMCUzQ3RkJTNFQ29ydGluYXMlMjBwb3IlMjBjYWphJTNDJTJGdGQlM0UlMEElMjAlMjAlMjAlMjAlM0N0ZCUzRTclM0MlMkZ0ZCUzRSUwQSUyMCUyMCUyMCUyMCUzQ3RkJTNFOCUzQyUyRnRkJTNFJTBBJTIwJTIwJTIwJTIwJTNDdGQlM0UxMiUzQyUyRnRkJTNFJTBBJTIwJTIwJTNDJTJGdHIlM0UlMEElM0MlMkZ0YWJsZSUzRSUwQSUwQSUzQyUyRmJvZHklM0UlMEElM0MlMkZodG1sJTNFJTBB[\/vc_raw_html][vc_column_text] Otros tama\u00f1os a medida est\u00e1n disponibles bajo petici\u00f3n [\/vc_column_text][\/vc_column][\/vc_row][vc_row][vc_column css_animation=\u00bbbounceInRight\u00bb css=\u00bb.vc_custom_1487166241233{margin-top: -100px !important;}\u00bb][vc_media_grid item=\u00bbmediaGrid_SlideOutCaption\u00bb grid_id=\u00bbvc_gid:1519652637002-8ac26727-1607-2&#8243; include=\u00bb3111,3168,3164&#8243;][vc_empty_space height=\u00bb64px\u00bb][vc_media_grid style=\u00bblazy\u00bb element_width=\u00bb3&#8243; item=\u00bbmediaGrid_SlideOutCaption\u00bb grid_id=\u00bbvc_gid:1519652637007-91bc986d-fb5c-7&#8243; include=\u00bb2189,2190,2191,2192&#8243;][vc_empty_space][\/vc_column][\/vc_row][vc_row full_width=\u00bb0&#8243; full_height=\u00bb0&#8243; particles=\u00bb0&#8243;][vc_column css_animation=\u00bbnone\u00bb heading_align=\u00bbtext-center\u00bb background=\u00bbtransparent\u00bb same_height_col=\u00bbsame_height_col\u00bb css=\u00bb.vc_custom_1487408024494{margin-top: -200px !important;}\u00bb][vc_empty_space][vc_single_image image=\u00bb3176&#8243; img_size=\u00bbfull\u00bb alignment=\u00bbcenter\u00bb onclick=\u00bbzoom\u00bb][vc_column_text] Otros colores est\u00e1n disponibles bajo petici\u00f3n [\/vc_column_text][vc_empty_space height=\u00bb64px\u00bb][\/vc_column][\/vc_row][vc_row full_width=\u00bb0&#8243; full_height=\u00bb0&#8243; elevate=\u00bbelevate\u00bb particles=\u00bb0&#8243; css=\u00bb.vc_custom_1519296878576{margin-bottom: -150px !important;}\u00bb][vc_column [&hellip;]<\/p>\n","protected":false},"author":5,"featured_media":3312,"parent":0,"menu_order":0,"comment_status":"closed","ping_status":"closed","template":"","meta":{"_monsterinsights_skip_tracking":false,"_monsterinsights_sitenote_active":false,"_monsterinsights_sitenote_note":"","_monsterinsights_sitenote_category":0,"footnotes":""},"yst_prominent_words":[48,492,381,49,494,490,491,489,379,495,493,380,486],"class_list":["post-3309","page","type-page","status-publish","has-post-thumbnail","hentry"],"_links":{"self":[{"href":"https:\/\/www.elers-medical.com\/es\/index.php\/wp-json\/wp\/v2\/pages\/3309","targetHints":{"allow":["GET"]}}],"collection":[{"href":"https:\/\/www.elers-medical.com\/es\/index.php\/wp-json\/wp\/v2\/pages"}],"about":[{"href":"https:\/\/www.elers-medical.com\/es\/index.php\/wp-json\/wp\/v2\/types\/page"}],"author":[{"embeddable":true,"href":"https:\/\/www.elers-medical.com\/es\/index.php\/wp-json\/wp\/v2\/users\/5"}],"replies":[{"embeddable":true,"href":"https:\/\/www.elers-medical.com\/es\/index.php\/wp-json\/wp\/v2\/comments?post=3309"}],"version-history":[{"count":2,"href":"https:\/\/www.elers-medical.com\/es\/index.php\/wp-json\/wp\/v2\/pages\/3309\/revisions"}],"predecessor-version":[{"id":3434,"href":"https:\/\/www.elers-medical.com\/es\/index.php\/wp-json\/wp\/v2\/pages\/3309\/revisions\/3434"}],"wp:featuredmedia":[{"embeddable":true,"href":"https:\/\/www.elers-medical.com\/es\/index.php\/wp-json\/wp\/v2\/media\/3312"}],"wp:attachment":[{"href":"https:\/\/www.elers-medical.com\/es\/index.php\/wp-json\/wp\/v2\/media?parent=3309"}],"wp:term":[{"taxonomy":"yst_prominent_words","embeddable":true,"href":"https:\/\/www.elers-medical.com\/es\/index.php\/wp-json\/wp\/v2\/yst_prominent_words?post=3309"}],"curies":[{"name":"wp","href":"https:\/\/api.w.org\/{rel}","templated":true}]}}