{"id":3344,"date":"2018-02-26T16:04:33","date_gmt":"2018-02-26T14:04:33","guid":{"rendered":"https:\/\/www.elers-medical.com\/?page_id=3344\/"},"modified":"2018-02-26T16:10:17","modified_gmt":"2018-02-26T14:10:17","slug":"cortinas-pediatricas","status":"publish","type":"page","link":"https:\/\/www.elers-medical.com\/es\/index.php\/cortinas-pediatricas\/","title":{"rendered":"Cortinas pedi\u00e1tricas"},"content":{"rendered":"<p>[vc_row full_width=\u00bb0&#8243; full_height=\u00bb0&#8243; row_padding=\u00bbno_bottom_padding\u00bb particles=\u00bb0&#8243;][vc_column][vc_column_text]<\/p>\n<h1>DECORA PEATONES PEDI\u00c1TRICOS CON CINTURONES CON FIGURAS DE MOOMIN &#8211; DISPONIBLES AHORA<\/h1>\n<p>El control de infecciones en una sala de ni\u00f1os es sin duda primordial, pero eso no significa que la decoraci\u00f3n de la sala, incluidas las cortinas de la cama, no pueda brindar una sensaci\u00f3n de calidez y bienestar para los pacientes y el personal por igual.<\/p>\n<p>La gama de cortinas Elers Medical Antimicrobianas con figuras de Moomin tienen un sofisticado dise\u00f1o en blanco y negro impreso en una cortina Elers Medical\u00ae de tejido antimicrobiano que es f\u00e1cil de implementar en cualquier esquema de color de sala.\u00a0El dise\u00f1o impreso a doble cara permite que tanto los pacientes como el personal sanitario disfruten del dise\u00f1o.<\/p>\n<p>Los Moomins fueron creados por Tove Jansson (1914-2001), un escritor y artista finland\u00e9s-sueco, que escribi\u00f3 e ilustr\u00f3 las historias sobre los Moomins entre 1945 y 1977. La amada familia Moomin y sus amigos viven una vida de aventuras en el id\u00edlico y pac\u00edfico Valle de Moomin en armon\u00eda con la naturaleza.\u00a0Hoy, los Moomins son bien conocidos internacionalmente y continuar\u00e1n su \u00e9xito ya que la nueva serie de televisi\u00f3n se estrenar\u00e1 a principios de 2019.<\/p>\n<p>Elers Medical posee la licencia exclusiva para imprimir estos dise\u00f1os \u00fanicos en cortinas para hospitales desechables.\u00a0Disponible tanto como cortinas est\u00e1ndar como en cortinas sin tratamiento.[\/vc_column_text][\/vc_column][\/vc_row][vc_row align=\u00bbtext-center\u00bb full_width=\u00bb0&#8243; full_height=\u00bb0&#8243; row_padding=\u00bbno_padding\u00bb particles=\u00bb0&#8243;][vc_column][vc_images_carousel images=\u00bb2734,2805,2737,2857&#8243; img_size=\u00bbfull\u00bb autoplay=\u00bbyes\u00bb][\/vc_column][\/vc_row][vc_row][vc_column][vc_column_text]<\/p>\n<p style=\"text-align: center;\"><b>\u00a9 Moomin Characters \u2122<\/b><\/p>\n<p>[\/vc_column_text][\/vc_column][\/vc_row][vc_row full_width=\u00bb0&#8243; full_height=\u00bb0&#8243; row_padding=\u00bbno_top_padding\u00bb particles=\u00bb0&#8243;][vc_column]<div class=\"plethora_button wpb_content_element   text-center \">\r\n    <a href=\"https:\/\/www.elers-medical.com\/index.php\/contact-elers-medical-hospital-curtains\/\" debug class=\" btn btn-primary  \" title=\"Contact Elers Medical\"  target=\"_self\">\r\n\r\n        \r\n        Contactenos para m\u00e1s informaci\u00f3n\r\n        \r\n\r\n    <\/a>\r\n<\/div>[\/vc_column][\/vc_row]<\/p>\n","protected":false},"excerpt":{"rendered":"<p>[vc_row full_width=\u00bb0&#8243; full_height=\u00bb0&#8243; row_padding=\u00bbno_bottom_padding\u00bb particles=\u00bb0&#8243;][vc_column][vc_column_text] DECORA PEATONES PEDI\u00c1TRICOS CON CINTURONES CON FIGURAS DE MOOMIN &#8211; DISPONIBLES AHORA El control de infecciones en una sala de ni\u00f1os es sin duda primordial, pero eso no significa que la decoraci\u00f3n de la sala, incluidas las cortinas de la cama, no pueda brindar una sensaci\u00f3n de calidez y bienestar [&hellip;]<\/p>\n","protected":false},"author":5,"featured_media":4054,"parent":0,"menu_order":0,"comment_status":"closed","ping_status":"closed","template":"","meta":{"_monsterinsights_skip_tracking":false,"_monsterinsights_sitenote_active":false,"_monsterinsights_sitenote_note":"","_monsterinsights_sitenote_category":0,"footnotes":""},"yst_prominent_words":[431,498,81,70,499,497,500,109,220,221,501,227,496],"class_list":["post-3344","page","type-page","status-publish","has-post-thumbnail","hentry"],"_links":{"self":[{"href":"https:\/\/www.elers-medical.com\/es\/index.php\/wp-json\/wp\/v2\/pages\/3344","targetHints":{"allow":["GET"]}}],"collection":[{"href":"https:\/\/www.elers-medical.com\/es\/index.php\/wp-json\/wp\/v2\/pages"}],"about":[{"href":"https:\/\/www.elers-medical.com\/es\/index.php\/wp-json\/wp\/v2\/types\/page"}],"author":[{"embeddable":true,"href":"https:\/\/www.elers-medical.com\/es\/index.php\/wp-json\/wp\/v2\/users\/5"}],"replies":[{"embeddable":true,"href":"https:\/\/www.elers-medical.com\/es\/index.php\/wp-json\/wp\/v2\/comments?post=3344"}],"version-history":[{"count":4,"href":"https:\/\/www.elers-medical.com\/es\/index.php\/wp-json\/wp\/v2\/pages\/3344\/revisions"}],"predecessor-version":[{"id":3361,"href":"https:\/\/www.elers-medical.com\/es\/index.php\/wp-json\/wp\/v2\/pages\/3344\/revisions\/3361"}],"wp:featuredmedia":[{"embeddable":true,"href":"https:\/\/www.elers-medical.com\/es\/index.php\/wp-json\/wp\/v2\/media\/4054"}],"wp:attachment":[{"href":"https:\/\/www.elers-medical.com\/es\/index.php\/wp-json\/wp\/v2\/media?parent=3344"}],"wp:term":[{"taxonomy":"yst_prominent_words","embeddable":true,"href":"https:\/\/www.elers-medical.com\/es\/index.php\/wp-json\/wp\/v2\/yst_prominent_words?post=3344"}],"curies":[{"name":"wp","href":"https:\/\/api.w.org\/{rel}","templated":true}]}}