{"id":3428,"date":"2018-03-06T15:04:36","date_gmt":"2018-03-06T13:04:36","guid":{"rendered":"https:\/\/www.elers-medical.com\/?page_id=3428\/"},"modified":"2018-03-06T15:08:36","modified_gmt":"2018-03-06T13:08:36","slug":"beneficios","status":"publish","type":"page","link":"https:\/\/www.elers-medical.com\/es\/index.php\/beneficios\/","title":{"rendered":"Beneficios"},"content":{"rendered":"<p>[vc_row][vc_column][vc_column_text]<\/p>\n<ul>\n<li>Tratado con un qu\u00edmico a base de iones de plata, que es un agente antimicrobiano comprobado muy eficaz.\u00a0Esto ayuda directamente a reducir la transferencia de pat\u00f3genos de la superficie de la cortina al paciente o miembro del personal.<\/li>\n<\/ul>\n<ul>\n<li>Probado independientemente de acuerdo con los est\u00e1ndares internacionales Antimicrobial Textile &#8211; AATCC 100 y AATCC 147. Las cortinas han demostrado su eficacia contra m\u00faltiples organismos como MRSA, Staphylococcus aureus, Klebsiella pneumoniae, Escherichia coli, Aspergillus niger, Trycophyton mentagrophytes, Pseudomonas aeruginosa y Corneybacterium ammoniagenes.<\/li>\n<\/ul>\n<ul>\n<li>Se agrega una sustancia qu\u00edmica antimicrobiana en la etapa de mezcla de polipropileno (PP).\u00a0Por lo tanto, las fibras del PP son inherentemente antibacterianas, no solo la superficie de la cortina.<\/li>\n<\/ul>\n<ul>\n<li>La tela de 100g\/m2 o 120g\/m2 garantiza la calidad y la privacidad del paciente<\/li>\n<\/ul>\n<ul>\n<li>Sellos de autoevaluaci\u00f3n y dignidad sellados con calor, incluido un n\u00famero de identificaci\u00f3n \u00fanico para trazabilidad<\/li>\n<\/ul>\n<ul>\n<li>6 opciones de color surtido con m\u00e1s pantones disponibles, lo que permite una f\u00e1cil coordinaci\u00f3n con esquemas interiores existentes del hospitales<\/li>\n<li>Rango de diferentes sistemas colgantes disponibles, compatible con los sistemas de seguimiento m\u00e1s utilizados<\/li>\n<\/ul>\n<ul>\n<li>100% reciclable<\/li>\n<\/ul>\n<ul>\n<li>Aprobaciones Internacionales como Retardante de Fuego (FR) &#8211; probado seg\u00fan BS 5867: Parte 2 Tipo C y NFPA 701. Inherentemente protegido con FR;\u00a0las propiedades FR permanecen con la cortina durante su ciclo de vida.\u00a0Las cortinas textiles regulares pueden tener un rendimiento de reducci\u00f3n del FR debido a los duros procesos de lavado qu\u00edmico<\/li>\n<\/ul>\n<ul>\n<li>No requiere lavado o alto gasto inicial de capital<\/li>\n<\/ul>\n<ul>\n<li>Un importante ahorro de costes en cortinas textiles tradicionales y otros proveedores de cortinas desechables<\/li>\n<\/ul>\n<ul>\n<li>\n<p class=\"p1\">El proceso de fabricaci\u00f3n es 100% propiedad de y est\u00e1 gestionado por Elers Medical para garantizar los rigurosos est\u00e1ndares europeos<\/p>\n<\/li>\n<\/ul>\n<p>[\/vc_column_text][\/vc_column][\/vc_row]<\/p>\n","protected":false},"excerpt":{"rendered":"<p>[vc_row][vc_column][vc_column_text] Tratado con un qu\u00edmico a base de iones de plata, que es un agente antimicrobiano comprobado muy eficaz.\u00a0Esto ayuda directamente a reducir la transferencia de pat\u00f3genos de la superficie de la cortina al paciente o miembro del personal. Probado independientemente de acuerdo con los est\u00e1ndares internacionales Antimicrobial Textile &#8211; AATCC 100 y AATCC 147. [&hellip;]<\/p>\n","protected":false},"author":5,"featured_media":3432,"parent":0,"menu_order":0,"comment_status":"closed","ping_status":"closed","template":"","meta":{"_monsterinsights_skip_tracking":false,"_monsterinsights_sitenote_active":false,"_monsterinsights_sitenote_note":"","_monsterinsights_sitenote_category":0,"footnotes":""},"yst_prominent_words":[429,431,531,494,530,524,523,529,520,522,528,521,519,518,532],"class_list":["post-3428","page","type-page","status-publish","has-post-thumbnail","hentry"],"_links":{"self":[{"href":"https:\/\/www.elers-medical.com\/es\/index.php\/wp-json\/wp\/v2\/pages\/3428","targetHints":{"allow":["GET"]}}],"collection":[{"href":"https:\/\/www.elers-medical.com\/es\/index.php\/wp-json\/wp\/v2\/pages"}],"about":[{"href":"https:\/\/www.elers-medical.com\/es\/index.php\/wp-json\/wp\/v2\/types\/page"}],"author":[{"embeddable":true,"href":"https:\/\/www.elers-medical.com\/es\/index.php\/wp-json\/wp\/v2\/users\/5"}],"replies":[{"embeddable":true,"href":"https:\/\/www.elers-medical.com\/es\/index.php\/wp-json\/wp\/v2\/comments?post=3428"}],"version-history":[{"count":1,"href":"https:\/\/www.elers-medical.com\/es\/index.php\/wp-json\/wp\/v2\/pages\/3428\/revisions"}],"predecessor-version":[{"id":3429,"href":"https:\/\/www.elers-medical.com\/es\/index.php\/wp-json\/wp\/v2\/pages\/3428\/revisions\/3429"}],"wp:featuredmedia":[{"embeddable":true,"href":"https:\/\/www.elers-medical.com\/es\/index.php\/wp-json\/wp\/v2\/media\/3432"}],"wp:attachment":[{"href":"https:\/\/www.elers-medical.com\/es\/index.php\/wp-json\/wp\/v2\/media?parent=3428"}],"wp:term":[{"taxonomy":"yst_prominent_words","embeddable":true,"href":"https:\/\/www.elers-medical.com\/es\/index.php\/wp-json\/wp\/v2\/yst_prominent_words?post=3428"}],"curies":[{"name":"wp","href":"https:\/\/api.w.org\/{rel}","templated":true}]}}