{"id":4195,"date":"2025-10-06T10:13:25","date_gmt":"2025-10-06T08:13:25","guid":{"rendered":"https:\/\/www.elers-medical.com\/?page_id=4195"},"modified":"2025-10-06T10:13:25","modified_gmt":"2025-10-06T08:13:25","slug":"","status":"publish","type":"page","link":"https:\/\/www.elers-medical.com\/pl\/","title":{"rendered":"Zas\u0142ony medyczne"},"content":{"rendered":"<p>[vc_row full_width=&#8221;0&#8243; full_height=&#8221;0&#8243; row_padding=&#8221;no_padding&#8221; cols_padding=&#8221;no_cols_padding&#8221; elevate=&#8221;elevate&#8221; background=&#8221;transparent&#8221; el_class=&#8221;folded_section&#8221;][vc_column width=&#8221;1\/4&#8243; color_set=&#8221;skincolored_section&#8221; background=&#8221;transparent&#8221; offset=&#8221;vc_col-xs-6&#8243; css=&#8221;.vc_custom_1446619389066{background-color: #088eff !important;}&#8221;]<!-- ========================== TEASER BOX ==========================-->\r\n<div class=\"teaser_box wpb_content_element text-center  transparent boxed same_height_col  with_button    \">\r\n\r\n  <div class=\"figure transparent\">\r\n\r\n\r\n      <a href=\"http:\/\/hospitalcurtains.eu\/index.php\/benefits\/\" debug title=\"\" target=\"_blank\"> \r\n\r\n        \r\n        \r\n        \r\n         <img decoding=\"async\" src=\"https:\/\/www.elers-medical.com\/wp-content\/uploads\/2015\/09\/strive-test.png\" alt=\"KORZY\u015aCI\">   \r\n\r\n        \r\n\r\n    <\/a>\r\n\r\n  <\/div>\r\n\r\n\r\n\r\n  <div class=\"content text-center   with_button \">\r\n    \r\n    <div class=\"hgroup\">\r\n       <h4 class=\"neutralize_links\">\r\n       KORZY\u015aCI\r\n       <\/h4>\r\n      \r\n    <\/div>\r\n\r\n    \r\n\r\n    <div class=\"link centered\">\r\n        <a href=\"http:\/\/hospitalcurtains.eu\/index.php\/benefits\/\"  target=\"_blank\" class=\"btn btn-xs btn-secondary\"><strong>More<\/strong><\/a>\r\n    <\/div>\r\n\r\n  <\/div>\r\n\r\n<\/div>\r\n\r\n<!-- END======================= TEASER BOX ==========================-->[\/vc_column][vc_column width=&#8221;1\/4&#8243; color_set=&#8221;skincolored_section&#8221; background=&#8221;transparent&#8221; offset=&#8221;vc_col-xs-6&#8243; css=&#8221;.vc_custom_1447875610924{background-color: #269cff !important;}&#8221;]<!-- ========================== TEASER BOX ==========================-->\r\n<div class=\"teaser_box wpb_content_element text-center  transparent boxed same_height_col  with_button    \">\r\n\r\n  <div class=\"figure transparent\">\r\n\r\n\r\n      <a href=\"https:\/\/www.elers-medical.com\/index.php\/research\/\" debug title=\"\" target=\"\"> \r\n\r\n        \r\n        \r\n        \r\n         <img decoding=\"async\" src=\"https:\/\/www.elers-medical.com\/wp-content\/uploads\/2015\/09\/icon_med_book_white.png\" alt=\"BADANIA\">   \r\n\r\n        \r\n\r\n    <\/a>\r\n\r\n  <\/div>\r\n\r\n\r\n\r\n  <div class=\"content text-center   with_button \">\r\n    \r\n    <div class=\"hgroup\">\r\n       <h4 class=\"neutralize_links\">\r\n       BADANIA\r\n       <\/h4>\r\n      \r\n    <\/div>\r\n\r\n    \r\n\r\n    <div class=\"link centered\">\r\n        <a href=\"https:\/\/www.elers-medical.com\/index.php\/research\/\"  target=\"\" class=\"btn btn-xs btn-secondary\"><strong>Read More<\/strong><\/a>\r\n    <\/div>\r\n\r\n  <\/div>\r\n\r\n<\/div>\r\n\r\n<!-- END======================= TEASER BOX ==========================-->[\/vc_column][vc_column width=&#8221;1\/4&#8243; color_set=&#8221;skincolored_section&#8221; offset=&#8221;vc_col-xs-6&#8243; css=&#8221;.vc_custom_1447875785935{background-color: #45aaff !important;}&#8221;]<!-- ========================== TEASER BOX ==========================-->\r\n<div class=\"teaser_box wpb_content_element text-center  transparent boxed same_height_col  with_button    \">\r\n\r\n  <div class=\"figure transparent\">\r\n\r\n\r\n      <a href=\"http:\/\/hospitalcurtains.eu\/index.php\/curtains-range\/\" debug title=\"\" target=\"\"> \r\n\r\n        \r\n        \r\n        \r\n         <img decoding=\"async\" src=\"https:\/\/www.elers-medical.com\/wp-content\/uploads\/2015\/09\/icon_doctor1.png\" alt=\"ZAKRES KURTYN\">   \r\n\r\n        \r\n\r\n    <\/a>\r\n\r\n  <\/div>\r\n\r\n\r\n\r\n  <div class=\"content text-center   with_button \">\r\n    \r\n    <div class=\"hgroup\">\r\n       <h4 class=\"neutralize_links\">\r\n       ZAKRES KURTYN\r\n       <\/h4>\r\n      \r\n    <\/div>\r\n\r\n    \r\n\r\n    <div class=\"link centered\">\r\n        <a href=\"http:\/\/hospitalcurtains.eu\/index.php\/curtains-range\/\"  target=\"\" class=\"btn btn-xs btn-secondary\"><strong>More<\/strong><\/a>\r\n    <\/div>\r\n\r\n  <\/div>\r\n\r\n<\/div>\r\n\r\n<!-- END======================= TEASER BOX ==========================-->[\/vc_column][vc_column width=&#8221;1\/4&#8243; color_set=&#8221;skincolored_section&#8221; background=&#8221;transparent&#8221; offset=&#8221;vc_col-xs-6&#8243; css=&#8221;.vc_custom_1486280886868{background-color: #64b8ff !important;}&#8221;]<!-- ========================== TEASER BOX ==========================-->\r\n<div class=\"teaser_box wpb_content_element text-center  transparent boxed same_height_col  with_button    \">\r\n\r\n  <div class=\"figure transparent\">\r\n\r\n\r\n      <a href=\"http:\/\/hospitalcurtains.eu\/index.php\/curtains-range\/\" debug title=\"\" target=\"_blank\"> \r\n\r\n        \r\n        \r\n        \r\n         <img decoding=\"async\" src=\"https:\/\/www.elers-medical.com\/wp-content\/uploads\/2015\/09\/icon_help_desk1.png\" alt=\"PRZEWODNIK U\u017bYTKOWNIKA\">   \r\n\r\n        \r\n\r\n    <\/a>\r\n\r\n  <\/div>\r\n\r\n\r\n\r\n  <div class=\"content text-center   with_button \">\r\n    \r\n    <div class=\"hgroup\">\r\n       <h4 class=\"neutralize_links\">\r\n       PRZEWODNIK U\u017bYTKOWNIKA\r\n       <\/h4>\r\n      \r\n    <\/div>\r\n\r\n    \r\n\r\n    <div class=\"link centered\">\r\n        <a href=\"http:\/\/hospitalcurtains.eu\/index.php\/curtains-range\/\"  target=\"_blank\" class=\"btn btn-xs btn-secondary\"><strong>More<\/strong><\/a>\r\n    <\/div>\r\n\r\n  <\/div>\r\n\r\n<\/div>\r\n\r\n<!-- END======================= TEASER BOX ==========================-->[\/vc_column][\/vc_row][vc_row full_width=&#8221;0&#8243; full_height=&#8221;0&#8243; row_padding=&#8221;no_top_padding&#8221; sep_bottom=&#8221;separator_bottom sep_angled_positive_bottom&#8221; particles=&#8221;0&#8243;][vc_column]<div class=\"section_header subtitle_bottom   fancy text-left\">\r\n\r\n    <h1>Korzy\u015bci z u\u017cywania antybakteryjnych zas\u0142on szpitalnych<\/h1>\n\r\n\r\n        <p >Antimicrobial Curtains help to reduce pathogenic transfer from the surface of the curtain to the patient or staff member<\/p>\r\n<\/div>[\/vc_column][vc_column heading_align=&#8221;text-center&#8221; align=&#8221;text-left&#8221; margin=&#8221;margin_bottom_grid&#8221;][vc_column_text css_animation=&#8221;fadeIn&#8221;]<\/p>\n<ul>\n<li>Bezpieczny<\/li>\n<li>Efektywno\u015b\u0107 kosztowa<\/li>\n<li>Niezale\u017cnie przetestowane<\/li>\n<li>Nieod\u0142\u0105cznie przeciwdrobnoustrojowy<\/li>\n<li>W 100% nadaje si\u0119 do recyklingu<\/li>\n<li>Mi\u0119dzynarodowe atesty trudnopalno\u015bci<\/li>\n<li>Nie wymaga prania<\/li>\n<\/ul>\n<p>[\/vc_column_text][vc_text_separator title=&#8221;Czytaj wi\u0119cej&#8221; title_align=&#8221;separator_align_left&#8221; align=&#8221;align_right&#8221; color=&#8221;black&#8221;][vc_column_text][\/vc_column_text]<div class=\"plethora_button wpb_content_element   text-left \">\r\n    <a href=\"http:\/\/hospitalcurtains.eu\/index.php\/benefits\/\" debug class=\" btn btn-primary with-icon icon-left\" title=\"\"  target=\"_self\">\r\n\r\n         <i class=\"fa fa-hospital-o\"><\/i> \r\n        BENEFITS OF ANTIMICROBIAL HOSPITAL CURTAINS\r\n        \r\n\r\n    <\/a>\r\n<\/div>[\/vc_column][\/vc_row][vc_row color_set=&#8221;secondary_section&#8221; full_width=&#8221;0&#8243; full_height=&#8221;0&#8243; particles=&#8221;0&#8243;][vc_column]<div class=\"section_header subtitle_bottom   fancy text-left\">\r\n\r\n    <h2>Zakres kurtyn<\/h2>\n\r\n\r\n        <p >Various types of disposable curtains for diverse needs<\/p>\r\n<\/div>[\/vc_column][vc_column heading_align=&#8221;text-center&#8221; align=&#8221;text-left&#8221; margin=&#8221;margin_bottom_grid&#8221; offset=&#8221;vc_col-md-8&#8243;][vc_media_grid gap=&#8221;10&#8243; grid_id=&#8221;vc_gid:1568964259701-5527468f-13d4-5&#8243; include=&#8221;4219,4220,4213&#8243;][\/vc_column][vc_column align=&#8221;text-left&#8221; offset=&#8221;vc_col-md-4&#8243;][vc_text_separator title=&#8221;CZYTAJ WI\u0118CEJ&#8221; title_align=&#8221;separator_align_left&#8221; align=&#8221;align_right&#8221; color=&#8221;black&#8221;][vc_column_text][\/vc_column_text]<div class=\"plethora_button wpb_content_element   text-center \">\r\n    <a href=\"http:\/\/hospitalcurtains.eu\/index.php\/curtains-range\/\" debug class=\" btn btn-info  \" title=\"\"  target=\"_blank\">\r\n\r\n        \r\n        CLICK HERE\r\n        \r\n\r\n    <\/a>\r\n<\/div>[\/vc_column][\/vc_row][vc_row css_animation=&#8221;appear&#8221; color_set=&#8221;dark_section&#8221; full_width=&#8221;0&#8243; full_height=&#8221;0&#8243; sep_bottom=&#8221;separator_bottom sep_angled_negative_bottom&#8221; particles=&#8221;1&#8243; animation=&#8221;wow fadeIn&#8221;][vc_column]<div class=\"section_header subtitle_bottom   fancy text-left\">\r\n\r\n    <h2 style=\"text-align: center;\">Nauka<\/h2>\n\r\n\r\n        <p ><\/p>\r\n<\/div><div class=\"section_header subtitle_bottom   vc_custom_1487409169232 fancy text-center\">\r\n\r\n    <h2 style=\"text-align: center;\">za szpitalnymi zas\u0142onami<\/h2>\n\r\n\r\n        <p ><strong>\u201cIn a culture survey (n=50), we found that 42% of hospital privacy curtains were contaminated with antibiotic\u2010resistant enterococci, 22% with methicillin\u2010resistant Staphylococcus aureus, and 4% with Clostridium difficile. Hand imprint cultures demonstrated that these pathogens were easily acquired on hands. Hospital curtains are a potential source for dissemination of healthcare-associated pathogens.\u201d <\/strong>  Trillis III, E. C. Eckstein, R. Budavich, M. J. Pultz, and C. J. Donskey, \u201cContamination of hospital curtains with healthcare-associated pathogens,\u201d Infection Control and Hospital Epidemiology, vol. 29, no. 11, pp. 1074\u20131076, 2008.<\/p>\r\n<\/div><div class=\"plethora_button wpb_content_element   text-center \">\r\n    <a href=\"http:\/\/hospitalcurtains.eu\/index.php\/research\/\" debug class=\" btn btn-success with-icon icon-left\" title=\"\"  target=\"_blank\">\r\n\r\n         <i class=\"wmi icon-i-health-services\"><\/i> \r\n        Read More\r\n        \r\n\r\n    <\/a>\r\n<\/div>[\/vc_column][\/vc_row][vc_row color_set=&#8221;secondary_section&#8221; align=&#8221;text-center&#8221; full_width=&#8221;0&#8243; full_height=&#8221;0&#8243; cols_valign=&#8221;vcenter&#8221; transparent_overlay=&#8221;transparent_film&#8221; background=&#8221;bgimage&#8221; bgimage=&#8221;2087&#8243; parallax=&#8221;0&#8243;][vc_column align=&#8221;text-center&#8221;]<div class=\"section_header subtitle_bottom   fancy text-center\">\r\n\r\n    <h2>Potrzebujesz wyceny kurtyny<\/h2>\n\r\n\r\n        <p >Click link Below<\/p>\r\n<\/div><div class=\"plethora_button wpb_content_element   text-center \">\r\n    <a href=\"http:\/\/hospitalcurtains.eu\/index.php\/contact\/\" debug class=\" btn btn-success with-icon icon-left\" title=\"\"  target=\"_self\">\r\n\r\n         <i class=\"fa fa-check\"><\/i> \r\n        Request a Quote\r\n        \r\n\r\n    <\/a>\r\n<\/div>[\/vc_column][\/vc_row]<\/p>\n","protected":false},"excerpt":{"rendered":"<p>[vc_row full_width=&#8221;0&#8243; full_height=&#8221;0&#8243; row_padding=&#8221;no_padding&#8221; cols_padding=&#8221;no_cols_padding&#8221; elevate=&#8221;elevate&#8221; background=&#8221;transparent&#8221; el_class=&#8221;folded_section&#8221;][vc_column width=&#8221;1\/4&#8243; color_set=&#8221;skincolored_section&#8221; background=&#8221;transparent&#8221; offset=&#8221;vc_col-xs-6&#8243; css=&#8221;.vc_custom_1446619389066{background-color: #088eff !important;}&#8221;][\/vc_column][vc_column width=&#8221;1\/4&#8243; color_set=&#8221;skincolored_section&#8221; background=&#8221;transparent&#8221; offset=&#8221;vc_col-xs-6&#8243; css=&#8221;.vc_custom_1447875610924{background-color: #269cff !important;}&#8221;][\/vc_column][vc_column width=&#8221;1\/4&#8243; color_set=&#8221;skincolored_section&#8221; offset=&#8221;vc_col-xs-6&#8243; css=&#8221;.vc_custom_1447875785935{background-color: #45aaff !important;}&#8221;][\/vc_column][vc_column width=&#8221;1\/4&#8243; color_set=&#8221;skincolored_section&#8221; background=&#8221;transparent&#8221; offset=&#8221;vc_col-xs-6&#8243; css=&#8221;.vc_custom_1486280886868{background-color: #64b8ff !important;}&#8221;][\/vc_column][\/vc_row][vc_row full_width=&#8221;0&#8243; full_height=&#8221;0&#8243; row_padding=&#8221;no_top_padding&#8221; sep_bottom=&#8221;separator_bottom sep_angled_positive_bottom&#8221; particles=&#8221;0&#8243;][vc_column][\/vc_column][vc_column heading_align=&#8221;text-center&#8221; align=&#8221;text-left&#8221; margin=&#8221;margin_bottom_grid&#8221;][vc_column_text css_animation=&#8221;fadeIn&#8221;] Bezpieczny Efektywno\u015b\u0107 kosztowa Niezale\u017cnie przetestowane Nieod\u0142\u0105cznie przeciwdrobnoustrojowy W 100% nadaje [&hellip;]<\/p>\n","protected":false},"author":1,"featured_media":0,"parent":0,"menu_order":0,"comment_status":"closed","ping_status":"closed","template":"","meta":{"_monsterinsights_skip_tracking":false,"_monsterinsights_sitenote_active":false,"_monsterinsights_sitenote_note":"","_monsterinsights_sitenote_category":0,"footnotes":""},"yst_prominent_words":[699,668,696,664,697,694,695,700,692,669,693,698],"class_list":["post-4195","page","type-page","status-publish","hentry"],"_links":{"self":[{"href":"https:\/\/www.elers-medical.com\/pl\/index.php\/wp-json\/wp\/v2\/pages\/4195","targetHints":{"allow":["GET"]}}],"collection":[{"href":"https:\/\/www.elers-medical.com\/pl\/index.php\/wp-json\/wp\/v2\/pages"}],"about":[{"href":"https:\/\/www.elers-medical.com\/pl\/index.php\/wp-json\/wp\/v2\/types\/page"}],"author":[{"embeddable":true,"href":"https:\/\/www.elers-medical.com\/pl\/index.php\/wp-json\/wp\/v2\/users\/1"}],"replies":[{"embeddable":true,"href":"https:\/\/www.elers-medical.com\/pl\/index.php\/wp-json\/wp\/v2\/comments?post=4195"}],"version-history":[{"count":5,"href":"https:\/\/www.elers-medical.com\/pl\/index.php\/wp-json\/wp\/v2\/pages\/4195\/revisions"}],"predecessor-version":[{"id":4285,"href":"https:\/\/www.elers-medical.com\/pl\/index.php\/wp-json\/wp\/v2\/pages\/4195\/revisions\/4285"}],"wp:attachment":[{"href":"https:\/\/www.elers-medical.com\/pl\/index.php\/wp-json\/wp\/v2\/media?parent=4195"}],"wp:term":[{"taxonomy":"yst_prominent_words","embeddable":true,"href":"https:\/\/www.elers-medical.com\/pl\/index.php\/wp-json\/wp\/v2\/yst_prominent_words?post=4195"}],"curies":[{"name":"wp","href":"https:\/\/api.w.org\/{rel}","templated":true}]}}